{"id":13165,"date":"2023-04-08T14:44:16","date_gmt":"2023-04-08T12:44:16","guid":{"rendered":"https:\/corporate-social-responsibility\/"},"modified":"2023-04-27T16:47:34","modified_gmt":"2023-04-27T14:47:34","slug":"corporate-social-responsibility","status":"publish","type":"page","link":"https:\/\/sawabona-africa.com\/de\/corporate-social-responsibility\/","title":{"rendered":"Corporate Social Responsibility"},"content":{"rendered":"\t\t<div data-elementor-type=\"wp-page\" data-elementor-id=\"13165\" class=\"elementor elementor-13165 elementor-13124\" data-elementor-post-type=\"page\">\n\t\t\t\t\t\t<section class=\"elementor-section elementor-top-section elementor-element elementor-element-5bc132e elementor-section-full_width elementor-section-height-min-height elementor-section-items-bottom elementor-section-height-default\" data-id=\"5bc132e\" data-element_type=\"section\" data-e-type=\"section\" data-settings=\"{&quot;background_background&quot;:&quot;classic&quot;}\">\n\t\t\t\t\t\t<div class=\"elementor-container elementor-column-gap-default\">\n\t\t\t\t\t<div class=\"elementor-column elementor-col-100 elementor-top-column elementor-element elementor-element-6c43fd7\" data-id=\"6c43fd7\" data-element_type=\"column\" data-e-type=\"column\">\n\t\t\t<div class=\"elementor-widget-wrap elementor-element-populated\">\n\t\t\t\t\t\t<div class=\"elementor-element elementor-element-9804b3d elementor-widget elementor-widget-heading\" data-id=\"9804b3d\" data-element_type=\"widget\" data-e-type=\"widget\" id=\"CSR\" data-widget_type=\"heading.default\">\n\t\t\t\t<div class=\"elementor-widget-container\">\n\t\t\t\t\t<h2 class=\"elementor-heading-title elementor-size-default\">Corporate Social Responsibility<\/h2>\t\t\t\t<\/div>\n\t\t\t\t<\/div>\n\t\t\t\t\t<\/div>\n\t\t<\/div>\n\t\t\t\t\t<\/div>\n\t\t<\/section>\n\t\t\t\t<section class=\"elementor-section elementor-top-section elementor-element elementor-element-7eaf8df elementor-section-boxed elementor-section-height-default elementor-section-height-default\" data-id=\"7eaf8df\" data-element_type=\"section\" data-e-type=\"section\" data-settings=\"{&quot;background_background&quot;:&quot;classic&quot;}\">\n\t\t\t\t\t\t<div class=\"elementor-container elementor-column-gap-default\">\n\t\t\t\t\t<div class=\"elementor-column elementor-col-100 elementor-top-column elementor-element elementor-element-0b5ee11\" data-id=\"0b5ee11\" data-element_type=\"column\" data-e-type=\"column\">\n\t\t\t<div class=\"elementor-widget-wrap elementor-element-populated\">\n\t\t\t\t\t\t<div class=\"elementor-element elementor-element-023d3bd elementor-widget elementor-widget-heading\" data-id=\"023d3bd\" data-element_type=\"widget\" data-e-type=\"widget\" data-widget_type=\"heading.default\">\n\t\t\t\t<div class=\"elementor-widget-container\">\n\t\t\t\t\t<h2 class=\"elementor-heading-title elementor-size-default\">Engagieren Sie Ihre Organisation in einem sozialen Projekt<\/h2>\t\t\t\t<\/div>\n\t\t\t\t<\/div>\n\t\t\t\t\t<\/div>\n\t\t<\/div>\n\t\t\t\t\t<\/div>\n\t\t<\/section>\n\t\t\t\t<section class=\"elementor-section elementor-top-section elementor-element elementor-element-eceb719 elementor-section-boxed elementor-section-height-default elementor-section-height-default\" data-id=\"eceb719\" data-element_type=\"section\" data-e-type=\"section\" data-settings=\"{&quot;background_background&quot;:&quot;classic&quot;}\">\n\t\t\t\t\t\t<div class=\"elementor-container elementor-column-gap-default\">\n\t\t\t\t\t<div class=\"elementor-column elementor-col-100 elementor-top-column elementor-element elementor-element-6c50dcf\" data-id=\"6c50dcf\" data-element_type=\"column\" data-e-type=\"column\">\n\t\t\t<div class=\"elementor-widget-wrap elementor-element-populated\">\n\t\t\t\t\t\t<div class=\"elementor-element elementor-element-295946c elementor-widget elementor-widget-text-editor\" data-id=\"295946c\" data-element_type=\"widget\" data-e-type=\"widget\" data-widget_type=\"text-editor.default\">\n\t\t\t\t<div class=\"elementor-widget-container\">\n\t\t\t\t\t\t\t\t\t<p class=\"_04xlpA direction-ltr align-start para-style-body\"><span class=\"JsGRdQ\">Sich als Unternehmen sozial zu engagieren ist ein zentraler Pfeiler der sozialen Verantwortung.<\/span> <\/p>\n<p class=\"_04xlpA direction-ltr align-start para-style-body\"><span style=\"font-size: 16px; color: var( --e-global-color-71426e4 ); font-family: var( --e-global-typography-text-font-family ), Sans-serif; background-color: var( --e-global-color-5b5a09c );\">Wir helfen Ihnen bei der Auswahl und Identifizierung eines Projekts, das sich auf Bildung im s\u00fcdlichen Afrika konzentriert.<\/span><\/p>\n\t\t\t\t\t\t\t\t<\/div>\n\t\t\t\t<\/div>\n\t\t\t\t\t<\/div>\n\t\t<\/div>\n\t\t\t\t\t<\/div>\n\t\t<\/section>\n\t\t\t\t<section class=\"elementor-section elementor-top-section elementor-element elementor-element-0548fcb elementor-section-height-min-height elementor-section-boxed elementor-section-height-default elementor-section-items-middle\" data-id=\"0548fcb\" data-element_type=\"section\" data-e-type=\"section\" data-settings=\"{&quot;background_background&quot;:&quot;classic&quot;}\">\n\t\t\t\t\t\t\t<div class=\"elementor-background-overlay\"><\/div>\n\t\t\t\t\t\t\t<div class=\"elementor-container elementor-column-gap-default\">\n\t\t\t\t\t<div class=\"elementor-column elementor-col-50 elementor-top-column elementor-element elementor-element-3883317\" data-id=\"3883317\" data-element_type=\"column\" data-e-type=\"column\">\n\t\t\t<div class=\"elementor-widget-wrap elementor-element-populated\">\n\t\t\t\t\t\t<div class=\"elementor-element elementor-element-2b9ee73 elementor-widget elementor-widget-spacer\" data-id=\"2b9ee73\" data-element_type=\"widget\" data-e-type=\"widget\" data-widget_type=\"spacer.default\">\n\t\t\t\t<div class=\"elementor-widget-container\">\n\t\t\t\t\t\t\t<div class=\"elementor-spacer\">\n\t\t\t<div class=\"elementor-spacer-inner\"><\/div>\n\t\t<\/div>\n\t\t\t\t\t\t<\/div>\n\t\t\t\t<\/div>\n\t\t\t\t<div class=\"elementor-element elementor-element-9b1c27f elementor-widget elementor-widget-image\" data-id=\"9b1c27f\" data-element_type=\"widget\" data-e-type=\"widget\" data-widget_type=\"image.default\">\n\t\t\t\t<div class=\"elementor-widget-container\">\n\t\t\t\t\t\t\t\t\t\t\t\t\t\t\t<img fetchpriority=\"high\" decoding=\"async\" width=\"2560\" height=\"1707\" src=\"https:\/\/sawabona-africa.com\/wp-content\/uploads\/2022\/05\/MG_0334-scaled.jpg\" class=\"attachment-full size-full wp-image-10935\" alt=\"Bright Start. Bright Smiles\" srcset=\"https:\/\/sawabona-africa.com\/wp-content\/uploads\/2022\/05\/MG_0334-scaled.jpg 2560w, https:\/\/sawabona-africa.com\/wp-content\/uploads\/2022\/05\/MG_0334-300x200.jpg 300w, https:\/\/sawabona-africa.com\/wp-content\/uploads\/2022\/05\/MG_0334-1024x683.jpg 1024w, https:\/\/sawabona-africa.com\/wp-content\/uploads\/2022\/05\/MG_0334-768x512.jpg 768w, https:\/\/sawabona-africa.com\/wp-content\/uploads\/2022\/05\/MG_0334-1536x1024.jpg 1536w, https:\/\/sawabona-africa.com\/wp-content\/uploads\/2022\/05\/MG_0334-2048x1365.jpg 2048w\" sizes=\"(max-width: 2560px) 100vw, 2560px\" \/>\t\t\t\t\t\t\t\t\t\t\t\t\t\t\t<\/div>\n\t\t\t\t<\/div>\n\t\t\t\t\t<\/div>\n\t\t<\/div>\n\t\t\t\t<div class=\"elementor-column elementor-col-50 elementor-top-column elementor-element elementor-element-27c9a63\" data-id=\"27c9a63\" data-element_type=\"column\" data-e-type=\"column\">\n\t\t\t<div class=\"elementor-widget-wrap elementor-element-populated\">\n\t\t\t\t\t\t<div class=\"elementor-element elementor-element-6bb1c77 elementor-widget elementor-widget-spacer\" data-id=\"6bb1c77\" data-element_type=\"widget\" data-e-type=\"widget\" data-widget_type=\"spacer.default\">\n\t\t\t\t<div class=\"elementor-widget-container\">\n\t\t\t\t\t\t\t<div class=\"elementor-spacer\">\n\t\t\t<div class=\"elementor-spacer-inner\"><\/div>\n\t\t<\/div>\n\t\t\t\t\t\t<\/div>\n\t\t\t\t<\/div>\n\t\t\t\t<div class=\"elementor-element elementor-element-5add065 elementor-widget__width-inherit elementor-widget elementor-widget-heading\" data-id=\"5add065\" data-element_type=\"widget\" data-e-type=\"widget\" data-widget_type=\"heading.default\">\n\t\t\t\t<div class=\"elementor-widget-container\">\n\t\t\t\t\t<h2 class=\"elementor-heading-title elementor-size-default\">Vorteile<\/h2>\t\t\t\t<\/div>\n\t\t\t\t<\/div>\n\t\t\t\t<div class=\"elementor-element elementor-element-39d540b elementor-icon-list--layout-traditional elementor-list-item-link-full_width elementor-widget elementor-widget-icon-list\" data-id=\"39d540b\" data-element_type=\"widget\" data-e-type=\"widget\" data-widget_type=\"icon-list.default\">\n\t\t\t\t<div class=\"elementor-widget-container\">\n\t\t\t\t\t\t\t<ul class=\"elementor-icon-list-items\">\n\t\t\t\t\t\t\t<li class=\"elementor-icon-list-item\">\n\t\t\t\t\t\t\t\t\t\t\t<span class=\"elementor-icon-list-icon\">\n\t\t\t\t\t\t\t<i aria-hidden=\"true\" class=\"fas fa-check-circle\"><\/i>\t\t\t\t\t\t<\/span>\n\t\t\t\t\t\t\t\t\t\t<span class=\"elementor-icon-list-text\">Alle Spenden in Deutschland sind steuerlich absetzbar<\/span>\n\t\t\t\t\t\t\t\t\t<\/li>\n\t\t\t\t\t\t\t\t<li class=\"elementor-icon-list-item\">\n\t\t\t\t\t\t\t\t\t\t\t<span class=\"elementor-icon-list-icon\">\n\t\t\t\t\t\t\t<i aria-hidden=\"true\" class=\"fas fa-check-circle\"><\/i>\t\t\t\t\t\t<\/span>\n\t\t\t\t\t\t\t\t\t\t<span class=\"elementor-icon-list-text\">100 % Ihrer Spende gehen direkt an Ihr Projekt<\/span>\n\t\t\t\t\t\t\t\t\t<\/li>\n\t\t\t\t\t\t\t\t<li class=\"elementor-icon-list-item\">\n\t\t\t\t\t\t\t\t\t\t\t<span class=\"elementor-icon-list-icon\">\n\t\t\t\t\t\t\t<i aria-hidden=\"true\" class=\"fas fa-check-circle\"><\/i>\t\t\t\t\t\t<\/span>\n\t\t\t\t\t\t\t\t\t\t<span class=\"elementor-icon-list-text\">Verfolgen Sie aktiv die Fortschritte Ihres Projekts<\/span>\n\t\t\t\t\t\t\t\t\t<\/li>\n\t\t\t\t\t\t\t\t<li class=\"elementor-icon-list-item\">\n\t\t\t\t\t\t\t\t\t\t\t<span class=\"elementor-icon-list-icon\">\n\t\t\t\t\t\t\t<i aria-hidden=\"true\" class=\"fas fa-check-circle\"><\/i>\t\t\t\t\t\t<\/span>\n\t\t\t\t\t\t\t\t\t\t<span class=\"elementor-icon-list-text\">Employee Engagement<\/span>\n\t\t\t\t\t\t\t\t\t<\/li>\n\t\t\t\t\t\t\t\t<li class=\"elementor-icon-list-item\">\n\t\t\t\t\t\t\t\t\t\t\t<span class=\"elementor-icon-list-icon\">\n\t\t\t\t\t\t\t<i aria-hidden=\"true\" class=\"fas fa-check-circle\"><\/i>\t\t\t\t\t\t<\/span>\n\t\t\t\t\t\t\t\t\t\t<span class=\"elementor-icon-list-text\">Sie unterst\u00fctzen ein Projekt, bei dem Hilfe wirklich gebraucht wird<\/span>\n\t\t\t\t\t\t\t\t\t<\/li>\n\t\t\t\t\t\t\t\t<li class=\"elementor-icon-list-item\">\n\t\t\t\t\t\t\t\t\t\t\t<span class=\"elementor-icon-list-icon\">\n\t\t\t\t\t\t\t<i aria-hidden=\"true\" class=\"fas fa-check-circle\"><\/i>\t\t\t\t\t\t<\/span>\n\t\t\t\t\t\t\t\t\t\t<span class=\"elementor-icon-list-text\">Sichtbarkeit Ihres Unternehmens im Zusammenhang mit Ihrem Projekt in den sozialen Medien und auf der Sawabona Africa-Website<\/span>\n\t\t\t\t\t\t\t\t\t<\/li>\n\t\t\t\t\t\t<\/ul>\n\t\t\t\t\t\t<\/div>\n\t\t\t\t<\/div>\n\t\t\t\t\t<\/div>\n\t\t<\/div>\n\t\t\t\t\t<\/div>\n\t\t<\/section>\n\t\t\t\t<section class=\"elementor-section elementor-top-section elementor-element elementor-element-e1903f0 elementor-section-boxed elementor-section-height-default elementor-section-height-default\" data-id=\"e1903f0\" data-element_type=\"section\" data-e-type=\"section\">\n\t\t\t\t\t\t<div class=\"elementor-container elementor-column-gap-default\">\n\t\t\t\t\t<div class=\"elementor-column elementor-col-100 elementor-top-column elementor-element elementor-element-cd3782c\" data-id=\"cd3782c\" data-element_type=\"column\" data-e-type=\"column\">\n\t\t\t<div class=\"elementor-widget-wrap elementor-element-populated\">\n\t\t\t\t\t\t<div class=\"elementor-element elementor-element-1eb0217 elementor-widget elementor-widget-spacer\" data-id=\"1eb0217\" data-element_type=\"widget\" data-e-type=\"widget\" data-widget_type=\"spacer.default\">\n\t\t\t\t<div class=\"elementor-widget-container\">\n\t\t\t\t\t\t\t<div class=\"elementor-spacer\">\n\t\t\t<div class=\"elementor-spacer-inner\"><\/div>\n\t\t<\/div>\n\t\t\t\t\t\t<\/div>\n\t\t\t\t<\/div>\n\t\t\t\t<div class=\"elementor-element elementor-element-ca08bd7 elementor-align-center elementor-widget elementor-widget-button\" data-id=\"ca08bd7\" data-element_type=\"widget\" data-e-type=\"widget\" data-widget_type=\"button.default\">\n\t\t\t\t<div class=\"elementor-widget-container\">\n\t\t\t\t\t\t\t\t\t<div class=\"elementor-button-wrapper\">\n\t\t\t\t\t<a class=\"elementor-button elementor-button-link elementor-size-xl\" href=\"https:\/\/sawabona-africa.com\/wp-content\/uploads\/2023\/04\/CSR_DE_2.pdf\" target=\"_blank\">\n\t\t\t\t\t\t<span class=\"elementor-button-content-wrapper\">\n\t\t\t\t\t\t\t\t\t<span class=\"elementor-button-text\">CSR Brosch\u00fcre herunterladen<\/span>\n\t\t\t\t\t<\/span>\n\t\t\t\t\t<\/a>\n\t\t\t\t<\/div>\n\t\t\t\t\t\t\t\t<\/div>\n\t\t\t\t<\/div>\n\t\t\t\t<div class=\"elementor-element elementor-element-ef3e21d elementor-widget elementor-widget-spacer\" data-id=\"ef3e21d\" data-element_type=\"widget\" data-e-type=\"widget\" data-widget_type=\"spacer.default\">\n\t\t\t\t<div class=\"elementor-widget-container\">\n\t\t\t\t\t\t\t<div class=\"elementor-spacer\">\n\t\t\t<div class=\"elementor-spacer-inner\"><\/div>\n\t\t<\/div>\n\t\t\t\t\t\t<\/div>\n\t\t\t\t<\/div>\n\t\t\t\t\t<\/div>\n\t\t<\/div>\n\t\t\t\t\t<\/div>\n\t\t<\/section>\n\t\t\t\t<\/div>\n\t\t","protected":false},"excerpt":{"rendered":"<p>Corporate Social Responsibility Engagieren Sie Ihre Organisation in einem sozialen Projekt Sich als Unternehmen sozial zu engagieren ist ein zentraler Pfeiler der sozialen Verantwortung. Wir helfen Ihnen bei der Auswahl und Identifizierung eines Projekts, das sich auf Bildung im s\u00fcdlichen Afrika konzentriert. Vorteile Alle Spenden in Deutschland sind steuerlich absetzbar 100 % Ihrer Spende gehen [&hellip;]<\/p>\n","protected":false},"author":1,"featured_media":9861,"parent":0,"menu_order":0,"comment_status":"closed","ping_status":"closed","template":"","meta":{"site-sidebar-layout":"no-sidebar","site-content-layout":"page-builder","ast-site-content-layout":"default","site-content-style":"default","site-sidebar-style":"default","ast-global-header-display":"","ast-banner-title-visibility":"","ast-main-header-display":"","ast-hfb-above-header-display":"","ast-hfb-below-header-display":"","ast-hfb-mobile-header-display":"","site-post-title":"disabled","ast-breadcrumbs-content":"","ast-featured-img":"disabled","footer-sml-layout":"","ast-disable-related-posts":"","theme-transparent-header-meta":"default","adv-header-id-meta":"","stick-header-meta":"","header-above-stick-meta":"","header-main-stick-meta":"","header-below-stick-meta":"","astra-migrate-meta-layouts":"default","ast-page-background-enabled":"default","ast-page-background-meta":{"desktop":{"background-color":"","background-image":"","background-repeat":"repeat","background-position":"center center","background-size":"auto","background-attachment":"scroll","background-type":"","background-media":"","overlay-type":"","overlay-color":"","overlay-opacity":"","overlay-gradient":""},"tablet":{"background-color":"","background-image":"","background-repeat":"repeat","background-position":"center center","background-size":"auto","background-attachment":"scroll","background-type":"","background-media":"","overlay-type":"","overlay-color":"","overlay-opacity":"","overlay-gradient":""},"mobile":{"background-color":"","background-image":"","background-repeat":"repeat","background-position":"center center","background-size":"auto","background-attachment":"scroll","background-type":"","background-media":"","overlay-type":"","overlay-color":"","overlay-opacity":"","overlay-gradient":""}},"ast-content-background-meta":{"desktop":{"background-color":"var(--ast-global-color-5)","background-image":"","background-repeat":"repeat","background-position":"center center","background-size":"auto","background-attachment":"scroll","background-type":"","background-media":"","overlay-type":"","overlay-color":"","overlay-opacity":"","overlay-gradient":""},"tablet":{"background-color":"var(--ast-global-color-5)","background-image":"","background-repeat":"repeat","background-position":"center center","background-size":"auto","background-attachment":"scroll","background-type":"","background-media":"","overlay-type":"","overlay-color":"","overlay-opacity":"","overlay-gradient":""},"mobile":{"background-color":"var(--ast-global-color-5)","background-image":"","background-repeat":"repeat","background-position":"center center","background-size":"auto","background-attachment":"scroll","background-type":"","background-media":"","overlay-type":"","overlay-color":"","overlay-opacity":"","overlay-gradient":""}},"footnotes":""},"class_list":["post-13165","page","type-page","status-publish","has-post-thumbnail","hentry"],"yoast_head":"<!-- This site is optimized with the Yoast SEO plugin v27.5 - https:\/\/yoast.com\/product\/yoast-seo-wordpress\/ -->\n<title>Corporate Social Responsibility | Sawabona Africa<\/title>\n<meta name=\"description\" content=\"Soziales Engagement ist der Schl\u00fcssel zur sozialen Verantwortung von Unternehmen. Wir k\u00f6nnen Ihnen bei der Auswahl eines Bildungsprojekts im s\u00fcdlichen Afrika helfen.\" \/>\n<meta name=\"robots\" content=\"index, follow, max-snippet:-1, max-image-preview:large, max-video-preview:-1\" \/>\n<link rel=\"canonical\" href=\"https:\/\/sawabona-africa.com\/de\/corporate-social-responsibility\/\" \/>\n<meta property=\"og:locale\" content=\"de_DE\" \/>\n<meta property=\"og:type\" content=\"article\" \/>\n<meta property=\"og:title\" content=\"Corporate Social Responsibility | Sawabona Africa\" \/>\n<meta property=\"og:description\" content=\"Soziales Engagement ist der Schl\u00fcssel zur sozialen Verantwortung von Unternehmen. Wir k\u00f6nnen Ihnen bei der Auswahl eines Bildungsprojekts im s\u00fcdlichen Afrika helfen.\" \/>\n<meta property=\"og:url\" content=\"https:\/\/sawabona-africa.com\/de\/corporate-social-responsibility\/\" \/>\n<meta property=\"og:site_name\" content=\"Sawabona Africa e.V.\" \/>\n<meta property=\"article:publisher\" content=\"https:\/\/www.facebook.com\/SawabonaAfrica\" \/>\n<meta property=\"article:modified_time\" content=\"2023-04-27T14:47:34+00:00\" \/>\n<meta property=\"og:image\" content=\"https:\/\/sawabona-africa.com\/wp-content\/uploads\/2022\/02\/20211120_122920-scaled.jpg\" \/>\n\t<meta property=\"og:image:width\" content=\"1920\" \/>\n\t<meta property=\"og:image:height\" content=\"2560\" \/>\n\t<meta property=\"og:image:type\" content=\"image\/jpeg\" \/>\n<meta name=\"twitter:card\" content=\"summary_large_image\" \/>\n<meta name=\"twitter:label1\" content=\"Gesch\u00e4tzte Lesezeit\" \/>\n\t<meta name=\"twitter:data1\" content=\"1\u00a0Minute\" \/>\n<!-- \/ Yoast SEO plugin. -->","yoast_head_json":{"title":"Corporate Social Responsibility | Sawabona Africa","description":"Soziales Engagement ist der Schl\u00fcssel zur sozialen Verantwortung von Unternehmen. Wir k\u00f6nnen Ihnen bei der Auswahl eines Bildungsprojekts im s\u00fcdlichen Afrika helfen.","robots":{"index":"index","follow":"follow","max-snippet":"max-snippet:-1","max-image-preview":"max-image-preview:large","max-video-preview":"max-video-preview:-1"},"canonical":"https:\/\/sawabona-africa.com\/de\/corporate-social-responsibility\/","og_locale":"de_DE","og_type":"article","og_title":"Corporate Social Responsibility | Sawabona Africa","og_description":"Soziales Engagement ist der Schl\u00fcssel zur sozialen Verantwortung von Unternehmen. Wir k\u00f6nnen Ihnen bei der Auswahl eines Bildungsprojekts im s\u00fcdlichen Afrika helfen.","og_url":"https:\/\/sawabona-africa.com\/de\/corporate-social-responsibility\/","og_site_name":"Sawabona Africa e.V.","article_publisher":"https:\/\/www.facebook.com\/SawabonaAfrica","article_modified_time":"2023-04-27T14:47:34+00:00","og_image":[{"width":1920,"height":2560,"url":"https:\/\/sawabona-africa.com\/wp-content\/uploads\/2022\/02\/20211120_122920-scaled.jpg","type":"image\/jpeg"}],"twitter_card":"summary_large_image","twitter_misc":{"Gesch\u00e4tzte Lesezeit":"1\u00a0Minute"},"schema":{"@context":"https:\/\/schema.org","@graph":[{"@type":"WebPage","@id":"https:\/\/sawabona-africa.com\/de\/corporate-social-responsibility\/","url":"https:\/\/sawabona-africa.com\/de\/corporate-social-responsibility\/","name":"Corporate Social Responsibility | Sawabona Africa","isPartOf":{"@id":"https:\/\/sawabona-africa.com\/#website"},"primaryImageOfPage":{"@id":"https:\/\/sawabona-africa.com\/de\/corporate-social-responsibility\/#primaryimage"},"image":{"@id":"https:\/\/sawabona-africa.com\/de\/corporate-social-responsibility\/#primaryimage"},"thumbnailUrl":"https:\/\/sawabona-africa.com\/wp-content\/uploads\/2022\/02\/20211120_122920-scaled.jpg","datePublished":"2023-04-08T12:44:16+00:00","dateModified":"2023-04-27T14:47:34+00:00","description":"Soziales Engagement ist der Schl\u00fcssel zur sozialen Verantwortung von Unternehmen. Wir k\u00f6nnen Ihnen bei der Auswahl eines Bildungsprojekts im s\u00fcdlichen Afrika helfen.","breadcrumb":{"@id":"https:\/\/sawabona-africa.com\/de\/corporate-social-responsibility\/#breadcrumb"},"inLanguage":"de","potentialAction":[{"@type":"ReadAction","target":["https:\/\/sawabona-africa.com\/de\/corporate-social-responsibility\/"]}]},{"@type":"ImageObject","inLanguage":"de","@id":"https:\/\/sawabona-africa.com\/de\/corporate-social-responsibility\/#primaryimage","url":"https:\/\/sawabona-africa.com\/wp-content\/uploads\/2022\/02\/20211120_122920-scaled.jpg","contentUrl":"https:\/\/sawabona-africa.com\/wp-content\/uploads\/2022\/02\/20211120_122920-scaled.jpg","width":1920,"height":2560,"caption":"Zitronenbaum"},{"@type":"BreadcrumbList","@id":"https:\/\/sawabona-africa.com\/de\/corporate-social-responsibility\/#breadcrumb","itemListElement":[{"@type":"ListItem","position":1,"name":"Home","item":"https:\/\/sawabona-africa.com\/de\/"},{"@type":"ListItem","position":2,"name":"Corporate Social Responsibility"}]},{"@type":"WebSite","@id":"https:\/\/sawabona-africa.com\/#website","url":"https:\/\/sawabona-africa.com\/","name":"Sawabona Africa","description":"Support Education. Deliver Hope.","publisher":{"@id":"https:\/\/sawabona-africa.com\/#organization"},"potentialAction":[{"@type":"SearchAction","target":{"@type":"EntryPoint","urlTemplate":"https:\/\/sawabona-africa.com\/?s={search_term_string}"},"query-input":{"@type":"PropertyValueSpecification","valueRequired":true,"valueName":"search_term_string"}}],"inLanguage":"de"},{"@type":"Organization","@id":"https:\/\/sawabona-africa.com\/#organization","name":"Sawabona Africa e.V.","url":"https:\/\/sawabona-africa.com\/","logo":{"@type":"ImageObject","inLanguage":"de","@id":"https:\/\/sawabona-africa.com\/#\/schema\/logo\/image\/","url":"https:\/\/sawabona-africa.com\/wp-content\/uploads\/2021\/01\/logo_sawabona-africa_final.png","contentUrl":"https:\/\/sawabona-africa.com\/wp-content\/uploads\/2021\/01\/logo_sawabona-africa_final.png","width":779,"height":324,"caption":"Sawabona Africa e.V."},"image":{"@id":"https:\/\/sawabona-africa.com\/#\/schema\/logo\/image\/"},"sameAs":["https:\/\/www.facebook.com\/SawabonaAfrica","https:\/\/www.instagram.com\/sawabonaafrica\/","https:\/\/www.linkedin.com\/company\/sawabona-africa\/","https:\/\/www.linkedin.com\/company\/sawabona-africa-de\/"]}]}},"_links":{"self":[{"href":"https:\/\/sawabona-africa.com\/de\/wp-json\/wp\/v2\/pages\/13165","targetHints":{"allow":["GET"]}}],"collection":[{"href":"https:\/\/sawabona-africa.com\/de\/wp-json\/wp\/v2\/pages"}],"about":[{"href":"https:\/\/sawabona-africa.com\/de\/wp-json\/wp\/v2\/types\/page"}],"author":[{"embeddable":true,"href":"https:\/\/sawabona-africa.com\/de\/wp-json\/wp\/v2\/users\/1"}],"replies":[{"embeddable":true,"href":"https:\/\/sawabona-africa.com\/de\/wp-json\/wp\/v2\/comments?post=13165"}],"version-history":[{"count":18,"href":"https:\/\/sawabona-africa.com\/de\/wp-json\/wp\/v2\/pages\/13165\/revisions"}],"predecessor-version":[{"id":14277,"href":"https:\/\/sawabona-africa.com\/de\/wp-json\/wp\/v2\/pages\/13165\/revisions\/14277"}],"wp:featuredmedia":[{"embeddable":true,"href":"https:\/\/sawabona-africa.com\/de\/wp-json\/wp\/v2\/media\/9861"}],"wp:attachment":[{"href":"https:\/\/sawabona-africa.com\/de\/wp-json\/wp\/v2\/media?parent=13165"}],"curies":[{"name":"wp","href":"https:\/\/api.w.org\/{rel}","templated":true}]}}