{"id":18326,"date":"2024-04-11T12:48:53","date_gmt":"2024-04-11T10:48:53","guid":{"rendered":"https:\/pi_pyma-projekte\/"},"modified":"2024-04-17T15:40:38","modified_gmt":"2024-04-17T13:40:38","slug":"pi_pyma-projekte","status":"publish","type":"page","link":"https:\/\/sawabona-africa.com\/de\/pi_pyma-projekte\/","title":{"rendered":"PI_PYMA Projekte"},"content":{"rendered":"\t\t<div data-elementor-type=\"wp-post\" data-elementor-id=\"18326\" class=\"elementor elementor-18326 elementor-18310\" data-elementor-post-type=\"page\">\n\t\t\t\t\t\t<section class=\"elementor-section elementor-top-section elementor-element elementor-element-53f46af elementor-section-full_width elementor-section-height-min-height elementor-section-items-bottom elementor-section-height-default\" data-id=\"53f46af\" data-element_type=\"section\" data-e-type=\"section\" data-settings=\"{&quot;background_background&quot;:&quot;classic&quot;}\">\n\t\t\t\t\t\t\t<div class=\"elementor-background-overlay\"><\/div>\n\t\t\t\t\t\t\t<div class=\"elementor-container elementor-column-gap-no\">\n\t\t\t\t\t<div class=\"elementor-column elementor-col-100 elementor-top-column elementor-element elementor-element-eb943f6\" data-id=\"eb943f6\" data-element_type=\"column\" data-e-type=\"column\">\n\t\t\t<div class=\"elementor-widget-wrap elementor-element-populated\">\n\t\t\t\t\t\t\t<\/div>\n\t\t<\/div>\n\t\t\t\t\t<\/div>\n\t\t<\/section>\n\t\t\t\t<section class=\"elementor-section elementor-top-section elementor-element elementor-element-3f08bcd elementor-section-full_width elementor-section-height-default elementor-section-height-default\" data-id=\"3f08bcd\" data-element_type=\"section\" data-e-type=\"section\" data-settings=\"{&quot;background_background&quot;:&quot;classic&quot;}\">\n\t\t\t\t\t\t<div class=\"elementor-container elementor-column-gap-default\">\n\t\t\t\t\t<div class=\"elementor-column elementor-col-100 elementor-top-column elementor-element elementor-element-e39947c\" data-id=\"e39947c\" data-element_type=\"column\" data-e-type=\"column\">\n\t\t\t<div class=\"elementor-widget-wrap elementor-element-populated\">\n\t\t\t\t\t\t<div class=\"elementor-element elementor-element-2f37337 elementor-widget elementor-widget-heading\" data-id=\"2f37337\" data-element_type=\"widget\" data-e-type=\"widget\" data-widget_type=\"heading.default\">\n\t\t\t\t<div class=\"elementor-widget-container\">\n\t\t\t\t\t<h2 class=\"elementor-heading-title elementor-size-default\">Sawabona Africa finanziert Bildungsprojekte im s\u00fcdafrikanischen Soweto<\/h2>\t\t\t\t<\/div>\n\t\t\t\t<\/div>\n\t\t\t\t\t<\/div>\n\t\t<\/div>\n\t\t\t\t\t<\/div>\n\t\t<\/section>\n\t\t\t\t<section class=\"elementor-section elementor-top-section elementor-element elementor-element-e57dad9 elementor-section-full_width elementor-section-height-default elementor-section-height-default\" data-id=\"e57dad9\" data-element_type=\"section\" data-e-type=\"section\">\n\t\t\t\t\t\t<div class=\"elementor-container elementor-column-gap-default\">\n\t\t\t\t\t<div class=\"elementor-column elementor-col-66 elementor-top-column elementor-element elementor-element-8c0c6b6\" data-id=\"8c0c6b6\" data-element_type=\"column\" data-e-type=\"column\">\n\t\t\t<div class=\"elementor-widget-wrap elementor-element-populated\">\n\t\t\t\t\t\t<div class=\"elementor-element elementor-element-976a23f elementor-widget elementor-widget-spacer\" data-id=\"976a23f\" data-element_type=\"widget\" data-e-type=\"widget\" data-widget_type=\"spacer.default\">\n\t\t\t\t<div class=\"elementor-widget-container\">\n\t\t\t\t\t\t\t<div class=\"elementor-spacer\">\n\t\t\t<div class=\"elementor-spacer-inner\"><\/div>\n\t\t<\/div>\n\t\t\t\t\t\t<\/div>\n\t\t\t\t<\/div>\n\t\t\t\t<div class=\"elementor-element elementor-element-dc57940 elementor-widget elementor-widget-heading\" data-id=\"dc57940\" data-element_type=\"widget\" data-e-type=\"widget\" data-widget_type=\"heading.default\">\n\t\t\t\t<div class=\"elementor-widget-container\">\n\t\t\t\t\t<h2 class=\"elementor-heading-title elementor-size-default\">Presseinformation<\/h2>\t\t\t\t<\/div>\n\t\t\t\t<\/div>\n\t\t\t\t<div class=\"elementor-element elementor-element-8206e73 elementor-widget elementor-widget-text-editor\" data-id=\"8206e73\" data-element_type=\"widget\" data-e-type=\"widget\" data-widget_type=\"text-editor.default\">\n\t\t\t\t<div class=\"elementor-widget-container\">\n\t\t\t\t\t\t\t\t\t<p><span style=\"font-size: 17px; font-style: normal; font-weight: 500;\">April 2024<\/span><\/p>\n\t\t\t\t\t\t\t\t<\/div>\n\t\t\t\t<\/div>\n\t\t\t\t<div class=\"elementor-element elementor-element-996a371 elementor-widget elementor-widget-text-editor\" data-id=\"996a371\" data-element_type=\"widget\" data-e-type=\"widget\" data-widget_type=\"text-editor.default\">\n\t\t\t\t<div class=\"elementor-widget-container\">\n\t\t\t\t\t\t\t\t\t<p>Sawabona Africa finanziert Bildungsprojekte im s\u00fcdafrikanischen Soweto<\/p>\n\t\t\t\t\t\t\t\t<\/div>\n\t\t\t\t<\/div>\n\t\t\t\t<div class=\"elementor-element elementor-element-51bbee9 elementor-widget elementor-widget-text-editor\" data-id=\"51bbee9\" data-element_type=\"widget\" data-e-type=\"widget\" data-widget_type=\"text-editor.default\">\n\t\t\t\t<div class=\"elementor-widget-container\">\n\t\t\t\t\t\t\t\t\t<p><strong>M\u00fcnchen, 11. April 2024 \u2013 Eine Gro\u00dfk\u00fcche mit Gem\u00fcsegarten, die p\u00e4dagogische Ausstattung von Bildungszentren und Workshops zur sexuellen Gesundheit \u2013 diese Projekte unterst\u00fctzt die Non-Profit Organisation Sawabona Africa in Freedom Park, einem Township in Soweto, S\u00fcdafrika. Eine Spende von fast 100.000 Euro kam daf\u00fcr gerade richtig. <\/strong><\/p>\n\t\t\t\t\t\t\t\t<\/div>\n\t\t\t\t<\/div>\n\t\t\t\t<div class=\"elementor-element elementor-element-c412f44 elementor-widget elementor-widget-text-editor\" data-id=\"c412f44\" data-element_type=\"widget\" data-e-type=\"widget\" data-widget_type=\"text-editor.default\">\n\t\t\t\t<div class=\"elementor-widget-container\">\n\t\t\t\t\t\t\t\t\t<p>Bildung und gesunde Ern\u00e4hrung sind ein wichtiger Schl\u00fcssel, um Kindern die gesellschaftliche Teilhabe zu erm\u00f6glichen. Mit einer Spende von fast 100.000 Euro unterst\u00fctzt Sawabona Africa die <a href=\"https:\/\/pyma.co.za\/\" target=\"_blank\" rel=\"noopener noreferrer nofollow\">Phakamani Young Minds Academy (PYMA)<\/a> in Freedom Park, einem Township in S\u00fcdafrika. <\/p>\n<p><strong>Bau einer Wirtschaftsk\u00fcche mit Gem\u00fcsegarten<\/strong><\/p>\n<p>Durch den Bau einer voll eingerichteten Gro\u00dfk\u00fcche und eines Gem\u00fcsegartens k\u00f6nnen in Zukunft 250 Sch\u00fcler und Sch\u00fclerinnen sowie 20 Betreuer und Betreuerinnen mit gesundem Essen versorgt werden. Perspektivisch kann die Kapazit\u00e4t sogar um weitere 500 Personen ausgeweitet werden. Circa 56.000 Euro sind f\u00fcr den Bau, die Anstellung von zwei K\u00f6chen und die Lebensmittel f\u00fcr ein Jahr veranschlagt.  <\/p>\n<p><strong>P\u00e4dagogische Ausstattung von 24 ECD-Zentren f\u00fcr Kleinkinder<\/strong><\/p>\n<p>Local Early Childhood Development (ECD) centres often lack educational materials. Books and educational toys will be purchased with a budget of approximately \u20ac16,000. These are important to support children in their early childhood development (fine motor skills, reading and math). More than 1,500 children in 24 ECD centres will benefit from improved equipment.   <\/p>\n<p><strong>Viertelj\u00e4hrliche Workshops zur sexuellen Gesundheit<\/strong><\/p>\n<p>Geschlechtsspezifische Gewalt, Teenager-Schwangerschaften und das fehlende Wissen zu sexuell \u00fcbertragbaren Krankheiten \u2013 diesen allgegenw\u00e4rtigen Themen in S\u00fcdafrika widmen sich Workshops f\u00fcr Sch\u00fcler und Sch\u00fclerinnen der siebten bis zur zw\u00f6lften Klasse. Circa 20.000 Euro kostet hier die Zusammenarbeit mit einem externen Workshop-Anbieter. Im Rahmen der Veranstaltungen k\u00f6nnen sich die Sch\u00fcler und Sch\u00fclerinnen mit Sozialarbeitern austauschen. Zus\u00e4tzlich erhalten sie ein Care-Paket mit Hygieneartikeln und Verh\u00fctungsmitteln.   <\/p>\n<p>\u201eViele Kinder und Jugendliche in Soweto sind von hochwertiger Bildung ausgeschlossen\u201c, erkl\u00e4rt Zilla Stekhoven, Gr\u00fcnderin von Sawabona Africa e.V. \u201eDie Spenden, die wir jetzt in den Projekten von PYMA einsetzen, verbessern viele Rahmenbedingungen, die \u00fcber den Lernerfolg entscheiden.\u201c<\/p>\n<p>\u201eVor allem der Bau der K\u00fcche ist ein sehr wichtiger Meilenstein f\u00fcr uns\u201c, best\u00e4tigt Bokang Mokoena, Gr\u00fcnderin und Vorstandsmitglied von PYMA. \u201eWir k\u00f6nnen f\u00fcr 250 Sch\u00fcler gesunde Mahlzeiten zubereiten und schaffen zudem Arbeitspl\u00e4tze in unserer Gemeinde.\u201c <\/p>\n\t\t\t\t\t\t\t\t<\/div>\n\t\t\t\t<\/div>\n\t\t\t\t<div class=\"elementor-element elementor-element-4132bc4 elementor-widget elementor-widget-image\" data-id=\"4132bc4\" data-element_type=\"widget\" data-e-type=\"widget\" data-widget_type=\"image.default\">\n\t\t\t\t<div class=\"elementor-widget-container\">\n\t\t\t\t\t\t\t\t\t\t\t\t<figure class=\"wp-caption\">\n\t\t\t\t\t\t\t\t\t\t<img fetchpriority=\"high\" decoding=\"async\" width=\"768\" height=\"576\" src=\"https:\/\/sawabona-africa.com\/wp-content\/uploads\/2024\/04\/20240210_110133-768x576.jpg\" class=\"attachment-medium_large size-medium_large wp-image-18331\" alt=\"Ready for the kitchen\" srcset=\"https:\/\/sawabona-africa.com\/wp-content\/uploads\/2024\/04\/20240210_110133-768x576.jpg 768w, https:\/\/sawabona-africa.com\/wp-content\/uploads\/2024\/04\/20240210_110133-300x225.jpg 300w, https:\/\/sawabona-africa.com\/wp-content\/uploads\/2024\/04\/20240210_110133-1024x768.jpg 1024w, https:\/\/sawabona-africa.com\/wp-content\/uploads\/2024\/04\/20240210_110133-1536x1152.jpg 1536w, https:\/\/sawabona-africa.com\/wp-content\/uploads\/2024\/04\/20240210_110133-2048x1536.jpg 2048w\" sizes=\"(max-width: 768px) 100vw, 768px\" \/>\t\t\t\t\t\t\t\t\t\t\t<figcaption class=\"widget-image-caption wp-caption-text\">An die Containerklassenzimmer wird sich bald eine Gro\u00dfk\u00fcche zur Verpflegung anschlie\u00dfen. (Quelle: Sawabona Africa)  <\/figcaption>\n\t\t\t\t\t\t\t\t\t\t<\/figure>\n\t\t\t\t\t\t\t\t\t<\/div>\n\t\t\t\t<\/div>\n\t\t\t\t<div class=\"elementor-element elementor-element-83a949a elementor-widget-divider--view-line_icon elementor-view-default elementor-widget-divider--element-align-center elementor-widget elementor-widget-divider\" data-id=\"83a949a\" data-element_type=\"widget\" data-e-type=\"widget\" data-widget_type=\"divider.default\">\n\t\t\t\t<div class=\"elementor-widget-container\">\n\t\t\t\t\t\t\t<div class=\"elementor-divider\">\n\t\t\t<span class=\"elementor-divider-separator\">\n\t\t\t\t\t\t\t<div class=\"elementor-icon elementor-divider__element\">\n\t\t\t\t\t<i aria-hidden=\"true\" class=\"fas fa-feather-alt\"><\/i><\/div>\n\t\t\t\t\t\t<\/span>\n\t\t<\/div>\n\t\t\t\t\t\t<\/div>\n\t\t\t\t<\/div>\n\t\t\t\t\t<\/div>\n\t\t<\/div>\n\t\t\t\t<div class=\"elementor-column elementor-col-33 elementor-top-column elementor-element elementor-element-8d3bac5\" data-id=\"8d3bac5\" data-element_type=\"column\" data-e-type=\"column\" data-settings=\"{&quot;background_background&quot;:&quot;classic&quot;}\">\n\t\t\t<div class=\"elementor-widget-wrap elementor-element-populated\">\n\t\t\t\t\t\t<div class=\"elementor-element elementor-element-d1f8ada elementor-widget elementor-widget-spacer\" data-id=\"d1f8ada\" data-element_type=\"widget\" data-e-type=\"widget\" data-widget_type=\"spacer.default\">\n\t\t\t\t<div class=\"elementor-widget-container\">\n\t\t\t\t\t\t\t<div class=\"elementor-spacer\">\n\t\t\t<div class=\"elementor-spacer-inner\"><\/div>\n\t\t<\/div>\n\t\t\t\t\t\t<\/div>\n\t\t\t\t<\/div>\n\t\t\t\t<div class=\"elementor-element elementor-element-a17ca5f elementor-widget elementor-widget-text-editor\" data-id=\"a17ca5f\" data-element_type=\"widget\" data-e-type=\"widget\" data-widget_type=\"text-editor.default\">\n\t\t\t\t<div class=\"elementor-widget-container\">\n\t\t\t\t\t\t\t\t\t<p><strong>Sawabona Africa:<\/strong><\/p>\n<p>info@<\/p>\n\t\t\t\t\t\t\t\t<\/div>\n\t\t\t\t<\/div>\n\t\t\t\t<div class=\"elementor-element elementor-element-743d820 elementor-widget elementor-widget-text-editor\" data-id=\"743d820\" data-element_type=\"widget\" data-e-type=\"widget\" data-widget_type=\"text-editor.default\">\n\t\t\t\t<div class=\"elementor-widget-container\">\n\t\t\t\t\t\t\t\t\t<strong>Pressekontakt:<\/strong>\n<p style=\"line-height: 1.7;\">PR-COM GmbH <br>\nNatalie Burkhart<br>\nSendlinger-Tor-Platz 6<br>\n\n80336 M\u00fcnchen<br>\n\nTel.: 089\/59997-804<\/p>\n\n<span style=\"color: #000000;\"><a style=\"color: #000000;\" href=\"mailto:natalie.burkhart@pr-com.de\">natalie.burkhart@pr-com.de<\/a><\/span>\t\t\t\t\t\t\t\t<\/div>\n\t\t\t\t<\/div>\n\t\t\t\t\t<\/div>\n\t\t<\/div>\n\t\t\t\t\t<\/div>\n\t\t<\/section>\n\t\t\t\t<\/div>\n\t\t","protected":false},"excerpt":{"rendered":"<p>Sawabona Africa finanziert Bildungsprojekte im s\u00fcdafrikanischen Soweto Presseinformation April 2024 Sawabona Africa finanziert Bildungsprojekte im s\u00fcdafrikanischen Soweto M\u00fcnchen, 11. April 2024 \u2013 Eine Gro\u00dfk\u00fcche mit Gem\u00fcsegarten, die p\u00e4dagogische Ausstattung von Bildungszentren und Workshops zur sexuellen Gesundheit \u2013 diese Projekte unterst\u00fctzt die Non-Profit Organisation Sawabona Africa in Freedom Park, einem Township in Soweto, S\u00fcdafrika. Eine Spende [&hellip;]<\/p>\n","protected":false},"author":1,"featured_media":18316,"parent":0,"menu_order":0,"comment_status":"closed","ping_status":"closed","template":"","meta":{"site-sidebar-layout":"no-sidebar","site-content-layout":"page-builder","ast-site-content-layout":"full-width-container","site-content-style":"unboxed","site-sidebar-style":"unboxed","ast-global-header-display":"","ast-banner-title-visibility":"","ast-main-header-display":"","ast-hfb-above-header-display":"","ast-hfb-below-header-display":"","ast-hfb-mobile-header-display":"","site-post-title":"disabled","ast-breadcrumbs-content":"","ast-featured-img":"disabled","footer-sml-layout":"","ast-disable-related-posts":"","theme-transparent-header-meta":"enabled","adv-header-id-meta":"","stick-header-meta":"","header-above-stick-meta":"","header-main-stick-meta":"","header-below-stick-meta":"","astra-migrate-meta-layouts":"default","ast-page-background-enabled":"default","ast-page-background-meta":{"desktop":{"background-color":"","background-image":"","background-repeat":"repeat","background-position":"center center","background-size":"auto","background-attachment":"scroll","background-type":"","background-media":"","overlay-type":"","overlay-color":"","overlay-opacity":"","overlay-gradient":""},"tablet":{"background-color":"","background-image":"","background-repeat":"repeat","background-position":"center center","background-size":"auto","background-attachment":"scroll","background-type":"","background-media":"","overlay-type":"","overlay-color":"","overlay-opacity":"","overlay-gradient":""},"mobile":{"background-color":"","background-image":"","background-repeat":"repeat","background-position":"center center","background-size":"auto","background-attachment":"scroll","background-type":"","background-media":"","overlay-type":"","overlay-color":"","overlay-opacity":"","overlay-gradient":""}},"ast-content-background-meta":{"desktop":{"background-color":"var(--ast-global-color-5)","background-image":"","background-repeat":"repeat","background-position":"center center","background-size":"auto","background-attachment":"scroll","background-type":"","background-media":"","overlay-type":"","overlay-color":"","overlay-opacity":"","overlay-gradient":""},"tablet":{"background-color":"var(--ast-global-color-5)","background-image":"","background-repeat":"repeat","background-position":"center center","background-size":"auto","background-attachment":"scroll","background-type":"","background-media":"","overlay-type":"","overlay-color":"","overlay-opacity":"","overlay-gradient":""},"mobile":{"background-color":"var(--ast-global-color-5)","background-image":"","background-repeat":"repeat","background-position":"center center","background-size":"auto","background-attachment":"scroll","background-type":"","background-media":"","overlay-type":"","overlay-color":"","overlay-opacity":"","overlay-gradient":""}},"footnotes":""},"class_list":["post-18326","page","type-page","status-publish","has-post-thumbnail","hentry"],"yoast_head":"<!-- This site is optimized with the Yoast SEO plugin v27.5 - https:\/\/yoast.com\/product\/yoast-seo-wordpress\/ -->\n<title>Presseinformation Bildungsprojekte im s\u00fcdafrikanischen Soweto<\/title>\n<meta name=\"description\" content=\"Eine Gro\u00dfk\u00fcche mit Gem\u00fcsegarten, die p\u00e4dagogische Ausstattung von Bildungszentren und Workshops zur sexuellen Gesundheit\" \/>\n<meta name=\"robots\" content=\"index, follow, max-snippet:-1, max-image-preview:large, max-video-preview:-1\" \/>\n<link rel=\"canonical\" href=\"https:\/\/sawabona-africa.com\/de\/pi_pyma-projekte\/\" \/>\n<meta property=\"og:locale\" content=\"de_DE\" \/>\n<meta property=\"og:type\" content=\"article\" \/>\n<meta property=\"og:title\" content=\"Presseinformation Bildungsprojekte im s\u00fcdafrikanischen Soweto\" \/>\n<meta property=\"og:description\" content=\"Eine Gro\u00dfk\u00fcche mit Gem\u00fcsegarten, die p\u00e4dagogische Ausstattung von Bildungszentren und Workshops zur sexuellen Gesundheit\" \/>\n<meta property=\"og:url\" content=\"https:\/\/sawabona-africa.com\/de\/pi_pyma-projekte\/\" \/>\n<meta property=\"og:site_name\" content=\"Sawabona Africa e.V.\" \/>\n<meta property=\"article:publisher\" content=\"https:\/\/www.facebook.com\/SawabonaAfrica\" \/>\n<meta property=\"article:modified_time\" content=\"2024-04-17T13:40:38+00:00\" \/>\n<meta property=\"og:image\" content=\"https:\/\/sawabona-africa.com\/wp-content\/uploads\/2024\/04\/20240210_125620-scaled.jpg\" \/>\n\t<meta property=\"og:image:width\" content=\"2560\" \/>\n\t<meta property=\"og:image:height\" content=\"1920\" \/>\n\t<meta property=\"og:image:type\" content=\"image\/jpeg\" \/>\n<meta name=\"twitter:card\" content=\"summary_large_image\" \/>\n<meta name=\"twitter:label1\" content=\"Gesch\u00e4tzte Lesezeit\" \/>\n\t<meta name=\"twitter:data1\" content=\"2\u00a0Minuten\" \/>\n<!-- \/ Yoast SEO plugin. -->","yoast_head_json":{"title":"Presseinformation Bildungsprojekte im s\u00fcdafrikanischen Soweto","description":"Eine Gro\u00dfk\u00fcche mit Gem\u00fcsegarten, die p\u00e4dagogische Ausstattung von Bildungszentren und Workshops zur sexuellen Gesundheit","robots":{"index":"index","follow":"follow","max-snippet":"max-snippet:-1","max-image-preview":"max-image-preview:large","max-video-preview":"max-video-preview:-1"},"canonical":"https:\/\/sawabona-africa.com\/de\/pi_pyma-projekte\/","og_locale":"de_DE","og_type":"article","og_title":"Presseinformation Bildungsprojekte im s\u00fcdafrikanischen Soweto","og_description":"Eine Gro\u00dfk\u00fcche mit Gem\u00fcsegarten, die p\u00e4dagogische Ausstattung von Bildungszentren und Workshops zur sexuellen Gesundheit","og_url":"https:\/\/sawabona-africa.com\/de\/pi_pyma-projekte\/","og_site_name":"Sawabona Africa e.V.","article_publisher":"https:\/\/www.facebook.com\/SawabonaAfrica","article_modified_time":"2024-04-17T13:40:38+00:00","og_image":[{"width":2560,"height":1920,"url":"https:\/\/sawabona-africa.com\/wp-content\/uploads\/2024\/04\/20240210_125620-scaled.jpg","type":"image\/jpeg"}],"twitter_card":"summary_large_image","twitter_misc":{"Gesch\u00e4tzte Lesezeit":"2\u00a0Minuten"},"schema":{"@context":"https:\/\/schema.org","@graph":[{"@type":"WebPage","@id":"https:\/\/sawabona-africa.com\/de\/pi_pyma-projekte\/","url":"https:\/\/sawabona-africa.com\/de\/pi_pyma-projekte\/","name":"Presseinformation Bildungsprojekte im s\u00fcdafrikanischen Soweto","isPartOf":{"@id":"https:\/\/sawabona-africa.com\/#website"},"primaryImageOfPage":{"@id":"https:\/\/sawabona-africa.com\/de\/pi_pyma-projekte\/#primaryimage"},"image":{"@id":"https:\/\/sawabona-africa.com\/de\/pi_pyma-projekte\/#primaryimage"},"thumbnailUrl":"https:\/\/sawabona-africa.com\/wp-content\/uploads\/2024\/04\/20240210_125620-scaled.jpg","datePublished":"2024-04-11T10:48:53+00:00","dateModified":"2024-04-17T13:40:38+00:00","description":"Eine Gro\u00dfk\u00fcche mit Gem\u00fcsegarten, die p\u00e4dagogische Ausstattung von Bildungszentren und Workshops zur sexuellen Gesundheit","breadcrumb":{"@id":"https:\/\/sawabona-africa.com\/de\/pi_pyma-projekte\/#breadcrumb"},"inLanguage":"de","potentialAction":[{"@type":"ReadAction","target":["https:\/\/sawabona-africa.com\/de\/pi_pyma-projekte\/"]}]},{"@type":"ImageObject","inLanguage":"de","@id":"https:\/\/sawabona-africa.com\/de\/pi_pyma-projekte\/#primaryimage","url":"https:\/\/sawabona-africa.com\/wp-content\/uploads\/2024\/04\/20240210_125620-scaled.jpg","contentUrl":"https:\/\/sawabona-africa.com\/wp-content\/uploads\/2024\/04\/20240210_125620-scaled.jpg","width":2560,"height":1920,"caption":"PYMA facility"},{"@type":"BreadcrumbList","@id":"https:\/\/sawabona-africa.com\/de\/pi_pyma-projekte\/#breadcrumb","itemListElement":[{"@type":"ListItem","position":1,"name":"Home","item":"https:\/\/sawabona-africa.com\/de\/"},{"@type":"ListItem","position":2,"name":"PI_PYMA Projekte"}]},{"@type":"WebSite","@id":"https:\/\/sawabona-africa.com\/#website","url":"https:\/\/sawabona-africa.com\/","name":"Sawabona Africa","description":"Support Education. Deliver Hope.","publisher":{"@id":"https:\/\/sawabona-africa.com\/#organization"},"potentialAction":[{"@type":"SearchAction","target":{"@type":"EntryPoint","urlTemplate":"https:\/\/sawabona-africa.com\/?s={search_term_string}"},"query-input":{"@type":"PropertyValueSpecification","valueRequired":true,"valueName":"search_term_string"}}],"inLanguage":"de"},{"@type":"Organization","@id":"https:\/\/sawabona-africa.com\/#organization","name":"Sawabona Africa e.V.","url":"https:\/\/sawabona-africa.com\/","logo":{"@type":"ImageObject","inLanguage":"de","@id":"https:\/\/sawabona-africa.com\/#\/schema\/logo\/image\/","url":"https:\/\/sawabona-africa.com\/wp-content\/uploads\/2021\/01\/logo_sawabona-africa_final.png","contentUrl":"https:\/\/sawabona-africa.com\/wp-content\/uploads\/2021\/01\/logo_sawabona-africa_final.png","width":779,"height":324,"caption":"Sawabona Africa e.V."},"image":{"@id":"https:\/\/sawabona-africa.com\/#\/schema\/logo\/image\/"},"sameAs":["https:\/\/www.facebook.com\/SawabonaAfrica","https:\/\/www.instagram.com\/sawabonaafrica\/","https:\/\/www.linkedin.com\/company\/sawabona-africa\/","https:\/\/www.linkedin.com\/company\/sawabona-africa-de\/"]}]}},"_links":{"self":[{"href":"https:\/\/sawabona-africa.com\/de\/wp-json\/wp\/v2\/pages\/18326","targetHints":{"allow":["GET"]}}],"collection":[{"href":"https:\/\/sawabona-africa.com\/de\/wp-json\/wp\/v2\/pages"}],"about":[{"href":"https:\/\/sawabona-africa.com\/de\/wp-json\/wp\/v2\/types\/page"}],"author":[{"embeddable":true,"href":"https:\/\/sawabona-africa.com\/de\/wp-json\/wp\/v2\/users\/1"}],"replies":[{"embeddable":true,"href":"https:\/\/sawabona-africa.com\/de\/wp-json\/wp\/v2\/comments?post=18326"}],"version-history":[{"count":4,"href":"https:\/\/sawabona-africa.com\/de\/wp-json\/wp\/v2\/pages\/18326\/revisions"}],"predecessor-version":[{"id":18356,"href":"https:\/\/sawabona-africa.com\/de\/wp-json\/wp\/v2\/pages\/18326\/revisions\/18356"}],"wp:featuredmedia":[{"embeddable":true,"href":"https:\/\/sawabona-africa.com\/de\/wp-json\/wp\/v2\/media\/18316"}],"wp:attachment":[{"href":"https:\/\/sawabona-africa.com\/de\/wp-json\/wp\/v2\/media?parent=18326"}],"curies":[{"name":"wp","href":"https:\/\/api.w.org\/{rel}","templated":true}]}}