{"id":18654,"date":"2024-06-07T17:16:38","date_gmt":"2024-06-07T15:16:38","guid":{"rendered":"https:\/pr_impande\/"},"modified":"2024-10-09T17:30:00","modified_gmt":"2024-10-09T15:30:00","slug":"pr_impande","status":"publish","type":"page","link":"https:\/\/sawabona-africa.com\/de\/pr_impande\/","title":{"rendered":"PR-Impande"},"content":{"rendered":"\t\t<div data-elementor-type=\"wp-post\" data-elementor-id=\"18654\" class=\"elementor elementor-18654 elementor-18635\" data-elementor-post-type=\"page\">\n\t\t\t\t\t\t<section class=\"elementor-section elementor-top-section elementor-element elementor-element-53f46af elementor-section-full_width elementor-section-height-min-height elementor-section-items-bottom elementor-section-height-default\" data-id=\"53f46af\" data-element_type=\"section\" data-e-type=\"section\" data-settings=\"{&quot;background_background&quot;:&quot;classic&quot;}\">\n\t\t\t\t\t\t\t<div class=\"elementor-background-overlay\"><\/div>\n\t\t\t\t\t\t\t<div class=\"elementor-container elementor-column-gap-no\">\n\t\t\t\t\t<div class=\"elementor-column elementor-col-100 elementor-top-column elementor-element elementor-element-eb943f6\" data-id=\"eb943f6\" data-element_type=\"column\" data-e-type=\"column\">\n\t\t\t<div class=\"elementor-widget-wrap elementor-element-populated\">\n\t\t\t\t\t\t\t<\/div>\n\t\t<\/div>\n\t\t\t\t\t<\/div>\n\t\t<\/section>\n\t\t\t\t<section class=\"elementor-section elementor-top-section elementor-element elementor-element-3f08bcd elementor-section-full_width elementor-section-height-default elementor-section-height-default\" data-id=\"3f08bcd\" data-element_type=\"section\" data-e-type=\"section\" data-settings=\"{&quot;background_background&quot;:&quot;classic&quot;}\">\n\t\t\t\t\t\t<div class=\"elementor-container elementor-column-gap-default\">\n\t\t\t\t\t<div class=\"elementor-column elementor-col-100 elementor-top-column elementor-element elementor-element-e39947c\" data-id=\"e39947c\" data-element_type=\"column\" data-e-type=\"column\">\n\t\t\t<div class=\"elementor-widget-wrap elementor-element-populated\">\n\t\t\t\t\t\t<div class=\"elementor-element elementor-element-2f37337 elementor-widget elementor-widget-heading\" data-id=\"2f37337\" data-element_type=\"widget\" data-e-type=\"widget\" data-widget_type=\"heading.default\">\n\t\t\t\t<div class=\"elementor-widget-container\">\n\t\t\t\t\t<h2 class=\"elementor-heading-title elementor-size-default\">Ein fairer Start ins Leben<\/h2>\t\t\t\t<\/div>\n\t\t\t\t<\/div>\n\t\t\t\t\t<\/div>\n\t\t<\/div>\n\t\t\t\t\t<\/div>\n\t\t<\/section>\n\t\t\t\t<section class=\"elementor-section elementor-top-section elementor-element elementor-element-e57dad9 elementor-section-full_width elementor-section-height-default elementor-section-height-default\" data-id=\"e57dad9\" data-element_type=\"section\" data-e-type=\"section\">\n\t\t\t\t\t\t<div class=\"elementor-container elementor-column-gap-default\">\n\t\t\t\t\t<div class=\"elementor-column elementor-col-66 elementor-top-column elementor-element elementor-element-8c0c6b6\" data-id=\"8c0c6b6\" data-element_type=\"column\" data-e-type=\"column\">\n\t\t\t<div class=\"elementor-widget-wrap elementor-element-populated\">\n\t\t\t\t\t\t<div class=\"elementor-element elementor-element-976a23f elementor-widget elementor-widget-spacer\" data-id=\"976a23f\" data-element_type=\"widget\" data-e-type=\"widget\" data-widget_type=\"spacer.default\">\n\t\t\t\t<div class=\"elementor-widget-container\">\n\t\t\t\t\t\t\t<div class=\"elementor-spacer\">\n\t\t\t<div class=\"elementor-spacer-inner\"><\/div>\n\t\t<\/div>\n\t\t\t\t\t\t<\/div>\n\t\t\t\t<\/div>\n\t\t\t\t<div class=\"elementor-element elementor-element-dc57940 elementor-widget elementor-widget-heading\" data-id=\"dc57940\" data-element_type=\"widget\" data-e-type=\"widget\" data-widget_type=\"heading.default\">\n\t\t\t\t<div class=\"elementor-widget-container\">\n\t\t\t\t\t<h2 class=\"elementor-heading-title elementor-size-default\">Presseinformation<\/h2>\t\t\t\t<\/div>\n\t\t\t\t<\/div>\n\t\t\t\t<div class=\"elementor-element elementor-element-8206e73 elementor-widget elementor-widget-text-editor\" data-id=\"8206e73\" data-element_type=\"widget\" data-e-type=\"widget\" data-widget_type=\"text-editor.default\">\n\t\t\t\t<div class=\"elementor-widget-container\">\n\t\t\t\t\t\t\t\t\t<p><span style=\"font-size: 17px; font-style: normal; font-weight: 500;\">Juni 2024<\/span><\/p>\n\t\t\t\t\t\t\t\t<\/div>\n\t\t\t\t<\/div>\n\t\t\t\t<div class=\"elementor-element elementor-element-996a371 elementor-widget elementor-widget-text-editor\" data-id=\"996a371\" data-element_type=\"widget\" data-e-type=\"widget\" data-widget_type=\"text-editor.default\">\n\t\t\t\t<div class=\"elementor-widget-container\">\n\t\t\t\t\t\t\t\t\t<p>Ein fairer Start ins Leben: Sawabona Africa startet neue Partner-Charity f\u00fcr fr\u00fchkindliche F\u00f6rderung<\/p>\n\t\t\t\t\t\t\t\t<\/div>\n\t\t\t\t<\/div>\n\t\t\t\t<div class=\"elementor-element elementor-element-51bbee9 elementor-widget elementor-widget-text-editor\" data-id=\"51bbee9\" data-element_type=\"widget\" data-e-type=\"widget\" data-widget_type=\"text-editor.default\">\n\t\t\t\t<div class=\"elementor-widget-container\">\n\t\t\t\t\t\t\t\t\t<p><strong>Sawabona Africa unterst\u00fctzt ab sofort die Wohlt\u00e4tigkeitsorganisation Impande, um Kindern in den \u00e4rmsten Regionen S\u00fcdafrikas bessere Bildungschancen zu erm\u00f6glichen. Den Auftakt der neuen Partnerschaft bildet eine Spendenkampagne, um Geld f\u00fcr Infrastrukturprojekte wie Klassenzimmer zu sammeln. <\/strong><\/p>\n\t\t\t\t\t\t\t\t<\/div>\n\t\t\t\t<\/div>\n\t\t\t\t<div class=\"elementor-element elementor-element-c412f44 elementor-widget elementor-widget-text-editor\" data-id=\"c412f44\" data-element_type=\"widget\" data-e-type=\"widget\" data-widget_type=\"text-editor.default\">\n\t\t\t\t<div class=\"elementor-widget-container\">\n\t\t\t\t\t\t\t\t\t<p>Die F\u00f6rderung der fr\u00fchkindlichen Entwicklung (Early Child Development, kurz ECD) spielt vor allem in L\u00e4ndern eine wichtige Rolle, in denen M\u00e4dchen und Jungen aufgrund von Armut der Zugang zu guter Bildung verwehrt ist. ECD-Zentren schaffen eine hochwertige Lern- und Spielumgebung, in der die J\u00fcngsten der Gesellschaft auf den Schulstart vorbereitet werden. In S\u00fcdafrika haben fast zwei Drittel der Kinder im Alter bis zu f\u00fcnf Jahren (3,3 Millionen) keinen Zugang zu einem solchen Programm f\u00fcr fr\u00fches Lernen (ECD-Zensus, S\u00fcdafrika, 2021).   <\/p>\n<p><strong>Mission: Fairer Start ins Leben<\/strong><\/p>\n<p>Ein wichtiger Akteur in diesem Umfeld ist I<a href=\"https:\/de\/impande\/\" target=\"_blank\" rel=\"noopener noreferrer nofollow\">mpande Yotshani<\/a>, kurz Impande. Die Wohlt\u00e4tigkeitsorganisation ist in den l\u00e4ndlichen Gegenden von Ostkap und KwaZulu-Natal aktiv, die beide zu den \u00e4rmsten Regionen S\u00fcdafrikas geh\u00f6ren. Impande unterst\u00fctzt lokale ECD-Zentren, die qualitativ hochwertige Lernprogramme anbieten und so eine gr\u00f6\u00dfere Bildungsgleichheit erreichen. Um sich nach staatlichen Standards zu qualifizieren und Zusch\u00fcsse f\u00fcr Lernzentren zu erhalten, ist die Bereitstellung einer angemessenen, sicheren Infrastruktur jedoch Voraussetzung. Dazu geh\u00f6ren ein Klassenzimmer mit altersgerechtem Lernmaterial und Spielzeug, ein hygienischer Bereich f\u00fcr die Essenszubereitung (K\u00fcche), eine \u201eKrankenstation\u201c, in der ein Kind vor\u00fcbergehend von den anderen isoliert werden kann, sichere Toiletten und eine Umz\u00e4unung, um Au\u00dfenbereiche abzugrenzen.   <\/p>\n<p><strong>Ziel: Bau neuer Klassenr\u00e4ume<\/strong><\/p>\n<p>Im Rahmen der Partnerschaft mit Impande ist Sawabona Africa auf der Suche nach Spenden f\u00fcr Infrastrukturprojekte. Ziel ist es, neue, angemessen ausgestattete Klassenzimmer und die notwendige Infrastruktur zu bauen. <\/p>\n<p>Im Vorfeld wurde Impandes Modell im Rahmen des von Sawabona Africa entwickelten Due-Diligence-Verfahrens umfassend gepr\u00fcft und verifiziert. Alle gesammelten Spenden flie\u00dfen direkt in das Programm. Sawabona Africa erhebt keine Verwaltungsgeb\u00fchren und berichtet regelm\u00e4\u00dfig und transparent \u00fcber den Spendenfortschritt.  Sawabona Africa erhebt keine Verwaltungsgeb\u00fchren und berichtet regelm\u00e4\u00dfig und transparent \u00fcber den Spendenfortschritt.<\/p>\n<p>\u201eDiese Partnerschaft ist ein weiterer wichtiger Schritt auf dem Weg zu unserem Ziel, benachteiligten Kindern in S\u00fcdafrika ein besseres Leben zu erm\u00f6glichen\u201c, erkl\u00e4rt Zilla Stekhoven, Gr\u00fcnderin von Sawabona Africa. Die in S\u00fcdafrika ausgebildete Juristin war international in vielen Bereichen t\u00e4tig, bevor sie 2021 Sawabona Africa gegr\u00fcndet hat. \u201eMit der Expertise, dem Einfluss und den M\u00f6glichkeiten von Impande k\u00f6nnen wir sicherstellen, dass die finanziellen Mittel effektiv eingesetzt werden und langfristige Verbesserungen bei der Bildung der Kleinsten Afrikas erzielt werden.\u201c  <\/p>\n\t\t\t\t\t\t\t\t<\/div>\n\t\t\t\t<\/div>\n\t\t\t\t<section class=\"elementor-section elementor-inner-section elementor-element elementor-element-c109309 elementor-section-boxed elementor-section-height-default elementor-section-height-default\" data-id=\"c109309\" data-element_type=\"section\" data-e-type=\"section\">\n\t\t\t\t\t\t<div class=\"elementor-container elementor-column-gap-default\">\n\t\t\t\t\t<div class=\"elementor-column elementor-col-50 elementor-inner-column elementor-element elementor-element-01e6fef\" data-id=\"01e6fef\" data-element_type=\"column\" data-e-type=\"column\">\n\t\t\t<div class=\"elementor-widget-wrap elementor-element-populated\">\n\t\t\t\t\t\t<div class=\"elementor-element elementor-element-813835f elementor-widget elementor-widget-image\" data-id=\"813835f\" data-element_type=\"widget\" data-e-type=\"widget\" data-widget_type=\"image.default\">\n\t\t\t\t<div class=\"elementor-widget-container\">\n\t\t\t\t\t\t\t\t\t\t\t\t\t\t\t<img fetchpriority=\"high\" decoding=\"async\" width=\"857\" height=\"857\" src=\"https:\/\/sawabona-africa.com\/wp-content\/uploads\/2024\/06\/preschool-needing-refurbishment2.jpg\" class=\"attachment-large size-large wp-image-18640\" alt=\"Pre-school needing refurbishment\" srcset=\"https:\/\/sawabona-africa.com\/wp-content\/uploads\/2024\/06\/preschool-needing-refurbishment2.jpg 857w, https:\/\/sawabona-africa.com\/wp-content\/uploads\/2024\/06\/preschool-needing-refurbishment2-300x300.jpg 300w, https:\/\/sawabona-africa.com\/wp-content\/uploads\/2024\/06\/preschool-needing-refurbishment2-150x150.jpg 150w, https:\/\/sawabona-africa.com\/wp-content\/uploads\/2024\/06\/preschool-needing-refurbishment2-768x768.jpg 768w\" sizes=\"(max-width: 857px) 100vw, 857px\" \/>\t\t\t\t\t\t\t\t\t\t\t\t\t\t\t<\/div>\n\t\t\t\t<\/div>\n\t\t\t\t\t<\/div>\n\t\t<\/div>\n\t\t\t\t<div class=\"elementor-column elementor-col-50 elementor-inner-column elementor-element elementor-element-9f81e7b\" data-id=\"9f81e7b\" data-element_type=\"column\" data-e-type=\"column\">\n\t\t\t<div class=\"elementor-widget-wrap elementor-element-populated\">\n\t\t\t\t\t\t<div class=\"elementor-element elementor-element-7c39fa1 elementor-widget elementor-widget-image\" data-id=\"7c39fa1\" data-element_type=\"widget\" data-e-type=\"widget\" data-widget_type=\"image.default\">\n\t\t\t\t<div class=\"elementor-widget-container\">\n\t\t\t\t\t\t\t\t\t\t\t\t\t\t\t<img decoding=\"async\" width=\"857\" height=\"857\" src=\"https:\/\/sawabona-africa.com\/wp-content\/uploads\/2024\/06\/preschool-needing-refurbishment.jpg\" class=\"attachment-large size-large wp-image-18642\" alt=\"inside a preschool\" srcset=\"https:\/\/sawabona-africa.com\/wp-content\/uploads\/2024\/06\/preschool-needing-refurbishment.jpg 857w, https:\/\/sawabona-africa.com\/wp-content\/uploads\/2024\/06\/preschool-needing-refurbishment-300x300.jpg 300w, https:\/\/sawabona-africa.com\/wp-content\/uploads\/2024\/06\/preschool-needing-refurbishment-150x150.jpg 150w, https:\/\/sawabona-africa.com\/wp-content\/uploads\/2024\/06\/preschool-needing-refurbishment-768x768.jpg 768w\" sizes=\"(max-width: 857px) 100vw, 857px\" \/>\t\t\t\t\t\t\t\t\t\t\t\t\t\t\t<\/div>\n\t\t\t\t<\/div>\n\t\t\t\t\t<\/div>\n\t\t<\/div>\n\t\t\t\t\t<\/div>\n\t\t<\/section>\n\t\t\t\t<div class=\"elementor-element elementor-element-5475c41 elementor-widget elementor-widget-text-editor\" data-id=\"5475c41\" data-element_type=\"widget\" data-e-type=\"widget\" data-widget_type=\"text-editor.default\">\n\t\t\t\t<div class=\"elementor-widget-container\">\n\t\t\t\t\t\t\t\t\t<p><em>In vielen Regionen S\u00fcdafrikas fehlen Klassenr\u00e4ume mit altersgerechten Lernmaterialien, Kochgelegenheiten f\u00fcr Mahlzeiten und sanit\u00e4ren Einrichtungen. (Quelle: Impande) <\/em><\/p>\n\t\t\t\t\t\t\t\t<\/div>\n\t\t\t\t<\/div>\n\t\t\t\t<div class=\"elementor-element elementor-element-e2a22c2 elementor-widget elementor-widget-image\" data-id=\"e2a22c2\" data-element_type=\"widget\" data-e-type=\"widget\" data-widget_type=\"image.default\">\n\t\t\t\t<div class=\"elementor-widget-container\">\n\t\t\t\t\t\t\t\t\t\t\t\t\t\t\t<img decoding=\"async\" width=\"768\" height=\"576\" src=\"https:\/\/sawabona-africa.com\/wp-content\/uploads\/2024\/05\/20240129_124545-768x576.jpg\" class=\"attachment-medium_large size-medium_large wp-image-18442\" alt=\"Impande after\" srcset=\"https:\/\/sawabona-africa.com\/wp-content\/uploads\/2024\/05\/20240129_124545-768x576.jpg 768w, https:\/\/sawabona-africa.com\/wp-content\/uploads\/2024\/05\/20240129_124545-300x225.jpg 300w, https:\/\/sawabona-africa.com\/wp-content\/uploads\/2024\/05\/20240129_124545-1024x768.jpg 1024w, https:\/\/sawabona-africa.com\/wp-content\/uploads\/2024\/05\/20240129_124545-1536x1152.jpg 1536w, https:\/\/sawabona-africa.com\/wp-content\/uploads\/2024\/05\/20240129_124545-2048x1536.jpg 2048w\" sizes=\"(max-width: 768px) 100vw, 768px\" \/>\t\t\t\t\t\t\t\t\t\t\t\t\t\t\t<\/div>\n\t\t\t\t<\/div>\n\t\t\t\t<div class=\"elementor-element elementor-element-949db75 elementor-widget elementor-widget-text-editor\" data-id=\"949db75\" data-element_type=\"widget\" data-e-type=\"widget\" data-widget_type=\"text-editor.default\">\n\t\t\t\t<div class=\"elementor-widget-container\">\n\t\t\t\t\t\t\t\t\t<p>ECD-Zentren schaffen eine hochwertige Lern- und Spielumgebung, in der die J\u00fcngsten der Gesellschaft auf den Schulstart vorbereitet werden. (Quelle: Sawabona Africa) <\/p>\n\t\t\t\t\t\t\t\t<\/div>\n\t\t\t\t<\/div>\n\t\t\t\t<div class=\"elementor-element elementor-element-83a949a elementor-widget-divider--view-line_icon elementor-view-default elementor-widget-divider--element-align-center elementor-widget elementor-widget-divider\" data-id=\"83a949a\" data-element_type=\"widget\" data-e-type=\"widget\" data-widget_type=\"divider.default\">\n\t\t\t\t<div class=\"elementor-widget-container\">\n\t\t\t\t\t\t\t<div class=\"elementor-divider\">\n\t\t\t<span class=\"elementor-divider-separator\">\n\t\t\t\t\t\t\t<div class=\"elementor-icon elementor-divider__element\">\n\t\t\t\t\t<i aria-hidden=\"true\" class=\"fas fa-feather-alt\"><\/i><\/div>\n\t\t\t\t\t\t<\/span>\n\t\t<\/div>\n\t\t\t\t\t\t<\/div>\n\t\t\t\t<\/div>\n\t\t\t\t\t<\/div>\n\t\t<\/div>\n\t\t\t\t<div class=\"elementor-column elementor-col-33 elementor-top-column elementor-element elementor-element-8d3bac5\" data-id=\"8d3bac5\" data-element_type=\"column\" data-e-type=\"column\" data-settings=\"{&quot;background_background&quot;:&quot;classic&quot;}\">\n\t\t\t<div class=\"elementor-widget-wrap elementor-element-populated\">\n\t\t\t\t\t\t<div class=\"elementor-element elementor-element-d1f8ada elementor-widget elementor-widget-spacer\" data-id=\"d1f8ada\" data-element_type=\"widget\" data-e-type=\"widget\" data-widget_type=\"spacer.default\">\n\t\t\t\t<div class=\"elementor-widget-container\">\n\t\t\t\t\t\t\t<div class=\"elementor-spacer\">\n\t\t\t<div class=\"elementor-spacer-inner\"><\/div>\n\t\t<\/div>\n\t\t\t\t\t\t<\/div>\n\t\t\t\t<\/div>\n\t\t\t\t<div class=\"elementor-element elementor-element-a17ca5f elementor-widget elementor-widget-text-editor\" data-id=\"a17ca5f\" data-element_type=\"widget\" data-e-type=\"widget\" data-widget_type=\"text-editor.default\">\n\t\t\t\t<div class=\"elementor-widget-container\">\n\t\t\t\t\t\t\t\t\t<p><strong>Sawabona Africa:<\/strong><\/p>\n<p>info@<\/p>\n\t\t\t\t\t\t\t\t<\/div>\n\t\t\t\t<\/div>\n\t\t\t\t<div class=\"elementor-element elementor-element-743d820 elementor-widget elementor-widget-text-editor\" data-id=\"743d820\" data-element_type=\"widget\" data-e-type=\"widget\" data-widget_type=\"text-editor.default\">\n\t\t\t\t<div class=\"elementor-widget-container\">\n\t\t\t\t\t\t\t\t\t<strong>Pressekontakt:<\/strong>\n<p style=\"line-height: 1.7;\">PR-COM GmbH <br>Natalie Burkhart<br>Sendlinger-Tor-Platz 6<br>80336 M\u00fcnchen<br>Tel.: 089\/59997-804<\/p>\n\n<span style=\"color: #000000;\"><a style=\"color: #000000;\" href=\"mailto:natalie.burkhart@pr-com.de\">natalie.burkhart@pr-com.de<\/a><\/span>\t\t\t\t\t\t\t\t<\/div>\n\t\t\t\t<\/div>\n\t\t\t\t\t<\/div>\n\t\t<\/div>\n\t\t\t\t\t<\/div>\n\t\t<\/section>\n\t\t\t\t<\/div>\n\t\t","protected":false},"excerpt":{"rendered":"<p>Ein fairer Start ins Leben Presseinformation Juni 2024 Ein fairer Start ins Leben: Sawabona Africa startet neue Partner-Charity f\u00fcr fr\u00fchkindliche F\u00f6rderung Sawabona Africa unterst\u00fctzt ab sofort die Wohlt\u00e4tigkeitsorganisation Impande, um Kindern in den \u00e4rmsten Regionen S\u00fcdafrikas bessere Bildungschancen zu erm\u00f6glichen. Den Auftakt der neuen Partnerschaft bildet eine Spendenkampagne, um Geld f\u00fcr Infrastrukturprojekte wie Klassenzimmer zu [&hellip;]<\/p>\n","protected":false},"author":1,"featured_media":18638,"parent":0,"menu_order":0,"comment_status":"closed","ping_status":"closed","template":"","meta":{"site-sidebar-layout":"no-sidebar","site-content-layout":"page-builder","ast-site-content-layout":"full-width-container","site-content-style":"unboxed","site-sidebar-style":"unboxed","ast-global-header-display":"","ast-banner-title-visibility":"","ast-main-header-display":"","ast-hfb-above-header-display":"","ast-hfb-below-header-display":"","ast-hfb-mobile-header-display":"","site-post-title":"disabled","ast-breadcrumbs-content":"","ast-featured-img":"disabled","footer-sml-layout":"","ast-disable-related-posts":"","theme-transparent-header-meta":"enabled","adv-header-id-meta":"","stick-header-meta":"","header-above-stick-meta":"","header-main-stick-meta":"","header-below-stick-meta":"","astra-migrate-meta-layouts":"default","ast-page-background-enabled":"default","ast-page-background-meta":{"desktop":{"background-color":"","background-image":"","background-repeat":"repeat","background-position":"center center","background-size":"auto","background-attachment":"scroll","background-type":"","background-media":"","overlay-type":"","overlay-color":"","overlay-opacity":"","overlay-gradient":""},"tablet":{"background-color":"","background-image":"","background-repeat":"repeat","background-position":"center center","background-size":"auto","background-attachment":"scroll","background-type":"","background-media":"","overlay-type":"","overlay-color":"","overlay-opacity":"","overlay-gradient":""},"mobile":{"background-color":"","background-image":"","background-repeat":"repeat","background-position":"center center","background-size":"auto","background-attachment":"scroll","background-type":"","background-media":"","overlay-type":"","overlay-color":"","overlay-opacity":"","overlay-gradient":""}},"ast-content-background-meta":{"desktop":{"background-color":"var(--ast-global-color-5)","background-image":"","background-repeat":"repeat","background-position":"center center","background-size":"auto","background-attachment":"scroll","background-type":"","background-media":"","overlay-type":"","overlay-color":"","overlay-opacity":"","overlay-gradient":""},"tablet":{"background-color":"var(--ast-global-color-5)","background-image":"","background-repeat":"repeat","background-position":"center center","background-size":"auto","background-attachment":"scroll","background-type":"","background-media":"","overlay-type":"","overlay-color":"","overlay-opacity":"","overlay-gradient":""},"mobile":{"background-color":"var(--ast-global-color-5)","background-image":"","background-repeat":"repeat","background-position":"center center","background-size":"auto","background-attachment":"scroll","background-type":"","background-media":"","overlay-type":"","overlay-color":"","overlay-opacity":"","overlay-gradient":""}},"footnotes":""},"class_list":["post-18654","page","type-page","status-publish","has-post-thumbnail","hentry"],"yoast_head":"<!-- This site is optimized with the Yoast SEO plugin v27.4 - https:\/\/yoast.com\/product\/yoast-seo-wordpress\/ -->\n<title>Ein fairer Start ins Leben<\/title>\n<meta name=\"description\" content=\"Ein fairer Start ins Leben: Sawabona Africa startet neue Partner-Charity f\u00fcr fr\u00fchkindliche F\u00f6rderung\" \/>\n<meta name=\"robots\" content=\"index, follow, max-snippet:-1, max-image-preview:large, max-video-preview:-1\" \/>\n<link rel=\"canonical\" href=\"https:\/\/sawabona-africa.com\/pr-impande-announcement\/\" \/>\n<meta property=\"og:locale\" content=\"de_DE\" \/>\n<meta property=\"og:type\" content=\"article\" \/>\n<meta property=\"og:title\" content=\"Ein fairer Start ins Leben\" \/>\n<meta property=\"og:description\" content=\"Ein fairer Start ins Leben: Sawabona Africa startet neue Partner-Charity f\u00fcr fr\u00fchkindliche F\u00f6rderung\" \/>\n<meta property=\"og:url\" content=\"https:\/\/sawabona-africa.com\/pr-impande-announcement\/\" \/>\n<meta property=\"og:site_name\" content=\"Sawabona Africa e.V.\" \/>\n<meta property=\"article:publisher\" content=\"https:\/\/www.facebook.com\/SawabonaAfrica\" \/>\n<meta property=\"article:modified_time\" content=\"2024-10-09T15:30:00+00:00\" \/>\n<meta property=\"og:image\" content=\"https:\/\/sawabona-africa.com\/wp-content\/uploads\/2024\/06\/20240126_104650-scaled.jpg\" \/>\n\t<meta property=\"og:image:width\" content=\"2560\" \/>\n\t<meta property=\"og:image:height\" content=\"1920\" \/>\n\t<meta property=\"og:image:type\" content=\"image\/jpeg\" \/>\n<meta name=\"twitter:card\" content=\"summary_large_image\" \/>\n<meta name=\"twitter:label1\" content=\"Gesch\u00e4tzte Lesezeit\" \/>\n\t<meta name=\"twitter:data1\" content=\"3\u00a0Minuten\" \/>\n<!-- \/ Yoast SEO plugin. -->","yoast_head_json":{"title":"Ein fairer Start ins Leben","description":"Ein fairer Start ins Leben: Sawabona Africa startet neue Partner-Charity f\u00fcr fr\u00fchkindliche F\u00f6rderung","robots":{"index":"index","follow":"follow","max-snippet":"max-snippet:-1","max-image-preview":"max-image-preview:large","max-video-preview":"max-video-preview:-1"},"canonical":"https:\/\/sawabona-africa.com\/pr-impande-announcement\/","og_locale":"de_DE","og_type":"article","og_title":"Ein fairer Start ins Leben","og_description":"Ein fairer Start ins Leben: Sawabona Africa startet neue Partner-Charity f\u00fcr fr\u00fchkindliche F\u00f6rderung","og_url":"https:\/\/sawabona-africa.com\/pr-impande-announcement\/","og_site_name":"Sawabona Africa e.V.","article_publisher":"https:\/\/www.facebook.com\/SawabonaAfrica","article_modified_time":"2024-10-09T15:30:00+00:00","og_image":[{"width":2560,"height":1920,"url":"https:\/\/sawabona-africa.com\/wp-content\/uploads\/2024\/06\/20240126_104650-scaled.jpg","type":"image\/jpeg"}],"twitter_card":"summary_large_image","twitter_misc":{"Gesch\u00e4tzte Lesezeit":"3\u00a0Minuten"},"schema":{"@context":"https:\/\/schema.org","@graph":[{"@type":"WebPage","@id":"https:\/\/sawabona-africa.com\/pr-impande-announcement\/","url":"https:\/\/sawabona-africa.com\/pr-impande-announcement\/","name":"Ein fairer Start ins Leben","isPartOf":{"@id":"https:\/\/sawabona-africa.com\/#website"},"primaryImageOfPage":{"@id":"https:\/\/sawabona-africa.com\/pr-impande-announcement\/#primaryimage"},"image":{"@id":"https:\/\/sawabona-africa.com\/pr-impande-announcement\/#primaryimage"},"thumbnailUrl":"https:\/\/sawabona-africa.com\/wp-content\/uploads\/2024\/06\/20240126_104650-scaled.jpg","datePublished":"2024-06-07T15:16:38+00:00","dateModified":"2024-10-09T15:30:00+00:00","description":"Ein fairer Start ins Leben: Sawabona Africa startet neue Partner-Charity f\u00fcr fr\u00fchkindliche F\u00f6rderung","breadcrumb":{"@id":"https:\/\/sawabona-africa.com\/pr-impande-announcement\/#breadcrumb"},"inLanguage":"de","potentialAction":[{"@type":"ReadAction","target":["https:\/\/sawabona-africa.com\/pr-impande-announcement\/"]}]},{"@type":"ImageObject","inLanguage":"de","@id":"https:\/\/sawabona-africa.com\/pr-impande-announcement\/#primaryimage","url":"https:\/\/sawabona-africa.com\/wp-content\/uploads\/2024\/06\/20240126_104650-scaled.jpg","contentUrl":"https:\/\/sawabona-africa.com\/wp-content\/uploads\/2024\/06\/20240126_104650-scaled.jpg","width":2560,"height":1920,"caption":"Impande Press Release"},{"@type":"BreadcrumbList","@id":"https:\/\/sawabona-africa.com\/pr-impande-announcement\/#breadcrumb","itemListElement":[{"@type":"ListItem","position":1,"name":"Home","item":"https:\/\/sawabona-africa.com\/de\/"},{"@type":"ListItem","position":2,"name":"PR-Impande"}]},{"@type":"WebSite","@id":"https:\/\/sawabona-africa.com\/#website","url":"https:\/\/sawabona-africa.com\/","name":"Sawabona Africa","description":"Support Education. Deliver Hope.","publisher":{"@id":"https:\/\/sawabona-africa.com\/#organization"},"potentialAction":[{"@type":"SearchAction","target":{"@type":"EntryPoint","urlTemplate":"https:\/\/sawabona-africa.com\/?s={search_term_string}"},"query-input":{"@type":"PropertyValueSpecification","valueRequired":true,"valueName":"search_term_string"}}],"inLanguage":"de"},{"@type":"Organization","@id":"https:\/\/sawabona-africa.com\/#organization","name":"Sawabona Africa e.V.","url":"https:\/\/sawabona-africa.com\/","logo":{"@type":"ImageObject","inLanguage":"de","@id":"https:\/\/sawabona-africa.com\/#\/schema\/logo\/image\/","url":"https:\/\/sawabona-africa.com\/wp-content\/uploads\/2021\/01\/logo_sawabona-africa_final.png","contentUrl":"https:\/\/sawabona-africa.com\/wp-content\/uploads\/2021\/01\/logo_sawabona-africa_final.png","width":779,"height":324,"caption":"Sawabona Africa e.V."},"image":{"@id":"https:\/\/sawabona-africa.com\/#\/schema\/logo\/image\/"},"sameAs":["https:\/\/www.facebook.com\/SawabonaAfrica","https:\/\/www.instagram.com\/sawabonaafrica\/","https:\/\/www.linkedin.com\/company\/sawabona-africa\/","https:\/\/www.linkedin.com\/company\/sawabona-africa-de\/"]}]}},"_links":{"self":[{"href":"https:\/\/sawabona-africa.com\/de\/wp-json\/wp\/v2\/pages\/18654","targetHints":{"allow":["GET"]}}],"collection":[{"href":"https:\/\/sawabona-africa.com\/de\/wp-json\/wp\/v2\/pages"}],"about":[{"href":"https:\/\/sawabona-africa.com\/de\/wp-json\/wp\/v2\/types\/page"}],"author":[{"embeddable":true,"href":"https:\/\/sawabona-africa.com\/de\/wp-json\/wp\/v2\/users\/1"}],"replies":[{"embeddable":true,"href":"https:\/\/sawabona-africa.com\/de\/wp-json\/wp\/v2\/comments?post=18654"}],"version-history":[{"count":4,"href":"https:\/\/sawabona-africa.com\/de\/wp-json\/wp\/v2\/pages\/18654\/revisions"}],"predecessor-version":[{"id":18943,"href":"https:\/\/sawabona-africa.com\/de\/wp-json\/wp\/v2\/pages\/18654\/revisions\/18943"}],"wp:featuredmedia":[{"embeddable":true,"href":"https:\/\/sawabona-africa.com\/de\/wp-json\/wp\/v2\/media\/18638"}],"wp:attachment":[{"href":"https:\/\/sawabona-africa.com\/de\/wp-json\/wp\/v2\/media?parent=18654"}],"curies":[{"name":"wp","href":"https:\/\/api.w.org\/{rel}","templated":true}]}}