{"id":5207,"date":"2021-03-22T21:33:26","date_gmt":"2021-03-22T20:33:26","guid":{"rendered":"https:\/spenden-danke\/"},"modified":"2021-08-16T20:43:54","modified_gmt":"2021-08-16T18:43:54","slug":"spenden-danke","status":"publish","type":"page","link":"https:\/\/sawabona-africa.com\/de\/spenden-danke\/","title":{"rendered":"Spenden Danke"},"content":{"rendered":"\t\t<div data-elementor-type=\"wp-page\" data-elementor-id=\"5207\" class=\"elementor elementor-5207 elementor-4538\" data-elementor-post-type=\"page\">\n\t\t\t\t\t\t<section class=\"elementor-section elementor-top-section elementor-element elementor-element-ae65461 elementor-section-full_width elementor-section-content-bottom elementor-section-height-min-height elementor-section-items-bottom elementor-section-height-default\" data-id=\"ae65461\" data-element_type=\"section\" data-e-type=\"section\" data-settings=\"{&quot;background_background&quot;:&quot;classic&quot;}\">\n\t\t\t\t\t\t\t<div class=\"elementor-background-overlay\"><\/div>\n\t\t\t\t\t\t\t<div class=\"elementor-container elementor-column-gap-no\">\n\t\t\t\t\t<div class=\"elementor-column elementor-col-100 elementor-top-column elementor-element elementor-element-17299dd\" data-id=\"17299dd\" data-element_type=\"column\" data-e-type=\"column\">\n\t\t\t<div class=\"elementor-widget-wrap elementor-element-populated\">\n\t\t\t\t\t\t<div class=\"elementor-element elementor-element-fb9c671 elementor-widget elementor-widget-heading\" data-id=\"fb9c671\" data-element_type=\"widget\" data-e-type=\"widget\" data-widget_type=\"heading.default\">\n\t\t\t\t<div class=\"elementor-widget-container\">\n\t\t\t\t\t<h2 class=\"elementor-heading-title elementor-size-default\"><br><br><br><br>Herzlichen Dank !<\/h2>\t\t\t\t<\/div>\n\t\t\t\t<\/div>\n\t\t\t\t\t<\/div>\n\t\t<\/div>\n\t\t\t\t\t<\/div>\n\t\t<\/section>\n\t\t\t\t<section class=\"elementor-section elementor-top-section elementor-element elementor-element-9c8603f elementor-section-full_width elementor-section-height-default elementor-section-height-default\" data-id=\"9c8603f\" data-element_type=\"section\" data-e-type=\"section\" data-settings=\"{&quot;background_background&quot;:&quot;classic&quot;}\">\n\t\t\t\t\t\t<div class=\"elementor-container elementor-column-gap-default\">\n\t\t\t\t\t<div class=\"elementor-column elementor-col-100 elementor-top-column elementor-element elementor-element-a94706e\" data-id=\"a94706e\" data-element_type=\"column\" data-e-type=\"column\">\n\t\t\t<div class=\"elementor-widget-wrap elementor-element-populated\">\n\t\t\t\t\t\t<div class=\"elementor-element elementor-element-e9aaefb elementor-widget elementor-widget-spacer\" data-id=\"e9aaefb\" data-element_type=\"widget\" data-e-type=\"widget\" data-widget_type=\"spacer.default\">\n\t\t\t\t<div class=\"elementor-widget-container\">\n\t\t\t\t\t\t\t<div class=\"elementor-spacer\">\n\t\t\t<div class=\"elementor-spacer-inner\"><\/div>\n\t\t<\/div>\n\t\t\t\t\t\t<\/div>\n\t\t\t\t<\/div>\n\t\t\t\t<div class=\"elementor-element elementor-element-a18e565 elementor-widget elementor-widget-text-editor\" data-id=\"a18e565\" data-element_type=\"widget\" data-e-type=\"widget\" data-widget_type=\"text-editor.default\">\n\t\t\t\t<div class=\"elementor-widget-container\">\n\t\t\t\t\t\t\t\t\t<p>Eine Best\u00e4tigungsmail wird nun an Ihre Adresse gesendet. Bitte \u00fcberpr\u00fcfen Sie Ihren Spam-Ordner, da dies eine automatisierte Email ist.<\/p>\n<p>Herzlichen Dank!<\/p>\n<p>Ein gro\u00dfes SAWABONA<\/p>\n<p><strong>Wir respektieren Dich. Wir sch\u00e4tzen Dich. Du bist uns wichtig.<\/strong><\/p>\n\t\t\t\t\t\t\t\t<\/div>\n\t\t\t\t<\/div>\n\t\t\t\t<div class=\"elementor-element elementor-element-e4d5fc4 elementor-widget elementor-widget-spacer\" data-id=\"e4d5fc4\" data-element_type=\"widget\" data-e-type=\"widget\" data-widget_type=\"spacer.default\">\n\t\t\t\t<div class=\"elementor-widget-container\">\n\t\t\t\t\t\t\t<div class=\"elementor-spacer\">\n\t\t\t<div class=\"elementor-spacer-inner\"><\/div>\n\t\t<\/div>\n\t\t\t\t\t\t<\/div>\n\t\t\t\t<\/div>\n\t\t\t\t\t<\/div>\n\t\t<\/div>\n\t\t\t\t\t<\/div>\n\t\t<\/section>\n\t\t\t\t<\/div>\n\t\t","protected":false},"excerpt":{"rendered":"<p>Herzlichen Dank ! Eine Best\u00e4tigungsmail wird nun an Ihre Adresse gesendet. Bitte \u00fcberpr\u00fcfen Sie Ihren Spam-Ordner, da dies eine automatisierte Email ist. Herzlichen Dank! Ein gro\u00dfes SAWABONA Wir respektieren Dich. Wir sch\u00e4tzen Dich. Du bist uns wichtig.<\/p>\n","protected":false},"author":1,"featured_media":0,"parent":0,"menu_order":0,"comment_status":"closed","ping_status":"closed","template":"","meta":{"site-sidebar-layout":"no-sidebar","site-content-layout":"page-builder","ast-site-content-layout":"default","site-content-style":"default","site-sidebar-style":"default","ast-global-header-display":"","ast-banner-title-visibility":"","ast-main-header-display":"","ast-hfb-above-header-display":"","ast-hfb-below-header-display":"","ast-hfb-mobile-header-display":"","site-post-title":"disabled","ast-breadcrumbs-content":"","ast-featured-img":"disabled","footer-sml-layout":"","ast-disable-related-posts":"","theme-transparent-header-meta":"enabled","adv-header-id-meta":"","stick-header-meta":"","header-above-stick-meta":"","header-main-stick-meta":"","header-below-stick-meta":"","astra-migrate-meta-layouts":"default","ast-page-background-enabled":"default","ast-page-background-meta":{"desktop":{"background-color":"","background-image":"","background-repeat":"repeat","background-position":"center center","background-size":"auto","background-attachment":"scroll","background-type":"","background-media":"","overlay-type":"","overlay-color":"","overlay-opacity":"","overlay-gradient":""},"tablet":{"background-color":"","background-image":"","background-repeat":"repeat","background-position":"center center","background-size":"auto","background-attachment":"scroll","background-type":"","background-media":"","overlay-type":"","overlay-color":"","overlay-opacity":"","overlay-gradient":""},"mobile":{"background-color":"","background-image":"","background-repeat":"repeat","background-position":"center center","background-size":"auto","background-attachment":"scroll","background-type":"","background-media":"","overlay-type":"","overlay-color":"","overlay-opacity":"","overlay-gradient":""}},"ast-content-background-meta":{"desktop":{"background-color":"var(--ast-global-color-5)","background-image":"","background-repeat":"repeat","background-position":"center center","background-size":"auto","background-attachment":"scroll","background-type":"","background-media":"","overlay-type":"","overlay-color":"","overlay-opacity":"","overlay-gradient":""},"tablet":{"background-color":"var(--ast-global-color-5)","background-image":"","background-repeat":"repeat","background-position":"center center","background-size":"auto","background-attachment":"scroll","background-type":"","background-media":"","overlay-type":"","overlay-color":"","overlay-opacity":"","overlay-gradient":""},"mobile":{"background-color":"var(--ast-global-color-5)","background-image":"","background-repeat":"repeat","background-position":"center center","background-size":"auto","background-attachment":"scroll","background-type":"","background-media":"","overlay-type":"","overlay-color":"","overlay-opacity":"","overlay-gradient":""}},"footnotes":""},"class_list":["post-5207","page","type-page","status-publish","hentry"],"yoast_head":"<!-- This site is optimized with the Yoast SEO plugin v27.5 - https:\/\/yoast.com\/product\/yoast-seo-wordpress\/ -->\n<title>Spenden Danke - Support Education. Deliver Hope.<\/title>\n<meta name=\"robots\" content=\"index, follow, max-snippet:-1, max-image-preview:large, max-video-preview:-1\" \/>\n<link rel=\"canonical\" href=\"https:\/\/sawabona-africa.com\/de\/spenden-danke\/\" \/>\n<meta property=\"og:locale\" content=\"de_DE\" \/>\n<meta property=\"og:type\" content=\"article\" \/>\n<meta property=\"og:title\" content=\"Spenden Danke - Support Education. Deliver Hope.\" \/>\n<meta property=\"og:description\" content=\"Herzlichen Dank ! Eine Best\u00e4tigungsmail wird nun an Ihre Adresse gesendet. Bitte \u00fcberpr\u00fcfen Sie Ihren Spam-Ordner, da dies eine automatisierte Email ist. Herzlichen Dank! Ein gro\u00dfes SAWABONA Wir respektieren Dich. Wir sch\u00e4tzen Dich. Du bist uns wichtig.\" \/>\n<meta property=\"og:url\" content=\"https:\/\/sawabona-africa.com\/de\/spenden-danke\/\" \/>\n<meta property=\"og:site_name\" content=\"Sawabona Africa e.V.\" \/>\n<meta property=\"article:publisher\" content=\"https:\/\/www.facebook.com\/SawabonaAfrica\" \/>\n<meta property=\"article:modified_time\" content=\"2021-08-16T18:43:54+00:00\" \/>\n<meta property=\"og:image\" content=\"https:\/\/sawabona-africa.com\/wp-content\/uploads\/2023\/04\/option2-1-1.jpg\" \/>\n\t<meta property=\"og:image:width\" content=\"1600\" \/>\n\t<meta property=\"og:image:height\" content=\"1067\" \/>\n\t<meta property=\"og:image:type\" content=\"image\/jpeg\" \/>\n<meta name=\"twitter:card\" content=\"summary_large_image\" \/>\n<meta name=\"twitter:label1\" content=\"Gesch\u00e4tzte Lesezeit\" \/>\n\t<meta name=\"twitter:data1\" content=\"1\u00a0Minute\" \/>\n<!-- \/ Yoast SEO plugin. -->","yoast_head_json":{"title":"Spenden Danke - Support Education. Deliver Hope.","robots":{"index":"index","follow":"follow","max-snippet":"max-snippet:-1","max-image-preview":"max-image-preview:large","max-video-preview":"max-video-preview:-1"},"canonical":"https:\/\/sawabona-africa.com\/de\/spenden-danke\/","og_locale":"de_DE","og_type":"article","og_title":"Spenden Danke - Support Education. Deliver Hope.","og_description":"Herzlichen Dank ! Eine Best\u00e4tigungsmail wird nun an Ihre Adresse gesendet. Bitte \u00fcberpr\u00fcfen Sie Ihren Spam-Ordner, da dies eine automatisierte Email ist. Herzlichen Dank! Ein gro\u00dfes SAWABONA Wir respektieren Dich. Wir sch\u00e4tzen Dich. Du bist uns wichtig.","og_url":"https:\/\/sawabona-africa.com\/de\/spenden-danke\/","og_site_name":"Sawabona Africa e.V.","article_publisher":"https:\/\/www.facebook.com\/SawabonaAfrica","article_modified_time":"2021-08-16T18:43:54+00:00","og_image":[{"width":1600,"height":1067,"url":"https:\/\/sawabona-africa.com\/wp-content\/uploads\/2023\/04\/option2-1-1.jpg","type":"image\/jpeg"}],"twitter_card":"summary_large_image","twitter_misc":{"Gesch\u00e4tzte Lesezeit":"1\u00a0Minute"},"schema":{"@context":"https:\/\/schema.org","@graph":[{"@type":"WebPage","@id":"https:\/\/sawabona-africa.com\/de\/spenden-danke\/","url":"https:\/\/sawabona-africa.com\/de\/spenden-danke\/","name":"Spenden Danke - Support Education. Deliver Hope.","isPartOf":{"@id":"https:\/\/sawabona-africa.com\/#website"},"datePublished":"2021-03-22T20:33:26+00:00","dateModified":"2021-08-16T18:43:54+00:00","breadcrumb":{"@id":"https:\/\/sawabona-africa.com\/de\/spenden-danke\/#breadcrumb"},"inLanguage":"de","potentialAction":[{"@type":"ReadAction","target":["https:\/\/sawabona-africa.com\/de\/spenden-danke\/"]}]},{"@type":"BreadcrumbList","@id":"https:\/\/sawabona-africa.com\/de\/spenden-danke\/#breadcrumb","itemListElement":[{"@type":"ListItem","position":1,"name":"Home","item":"https:\/\/sawabona-africa.com\/de\/"},{"@type":"ListItem","position":2,"name":"Spenden Danke"}]},{"@type":"WebSite","@id":"https:\/\/sawabona-africa.com\/#website","url":"https:\/\/sawabona-africa.com\/","name":"Sawabona Africa","description":"Support Education. Deliver Hope.","publisher":{"@id":"https:\/\/sawabona-africa.com\/#organization"},"potentialAction":[{"@type":"SearchAction","target":{"@type":"EntryPoint","urlTemplate":"https:\/\/sawabona-africa.com\/?s={search_term_string}"},"query-input":{"@type":"PropertyValueSpecification","valueRequired":true,"valueName":"search_term_string"}}],"inLanguage":"de"},{"@type":"Organization","@id":"https:\/\/sawabona-africa.com\/#organization","name":"Sawabona Africa e.V.","url":"https:\/\/sawabona-africa.com\/","logo":{"@type":"ImageObject","inLanguage":"de","@id":"https:\/\/sawabona-africa.com\/#\/schema\/logo\/image\/","url":"https:\/\/sawabona-africa.com\/wp-content\/uploads\/2021\/01\/logo_sawabona-africa_final.png","contentUrl":"https:\/\/sawabona-africa.com\/wp-content\/uploads\/2021\/01\/logo_sawabona-africa_final.png","width":779,"height":324,"caption":"Sawabona Africa e.V."},"image":{"@id":"https:\/\/sawabona-africa.com\/#\/schema\/logo\/image\/"},"sameAs":["https:\/\/www.facebook.com\/SawabonaAfrica","https:\/\/www.instagram.com\/sawabonaafrica\/","https:\/\/www.linkedin.com\/company\/sawabona-africa\/","https:\/\/www.linkedin.com\/company\/sawabona-africa-de\/"]}]}},"_links":{"self":[{"href":"https:\/\/sawabona-africa.com\/de\/wp-json\/wp\/v2\/pages\/5207","targetHints":{"allow":["GET"]}}],"collection":[{"href":"https:\/\/sawabona-africa.com\/de\/wp-json\/wp\/v2\/pages"}],"about":[{"href":"https:\/\/sawabona-africa.com\/de\/wp-json\/wp\/v2\/types\/page"}],"author":[{"embeddable":true,"href":"https:\/\/sawabona-africa.com\/de\/wp-json\/wp\/v2\/users\/1"}],"replies":[{"embeddable":true,"href":"https:\/\/sawabona-africa.com\/de\/wp-json\/wp\/v2\/comments?post=5207"}],"version-history":[{"count":0,"href":"https:\/\/sawabona-africa.com\/de\/wp-json\/wp\/v2\/pages\/5207\/revisions"}],"wp:attachment":[{"href":"https:\/\/sawabona-africa.com\/de\/wp-json\/wp\/v2\/media?parent=5207"}],"curies":[{"name":"wp","href":"https:\/\/api.w.org\/{rel}","templated":true}]}}