{"id":5216,"date":"2021-03-22T21:34:23","date_gmt":"2021-03-22T20:34:23","guid":{"rendered":"https:\/kontakt\/"},"modified":"2024-01-11T13:44:40","modified_gmt":"2024-01-11T12:44:40","slug":"kontakt","status":"publish","type":"page","link":"https:\/\/sawabona-africa.com\/de\/kontakt\/","title":{"rendered":"Kontakt"},"content":{"rendered":"\t\t<div data-elementor-type=\"wp-post\" data-elementor-id=\"5216\" class=\"elementor elementor-5216 elementor-8\" data-elementor-post-type=\"page\">\n\t\t\t\t\t\t<section class=\"elementor-section elementor-top-section elementor-element elementor-element-0aa7a0b elementor-section-full_width elementor-section-content-top elementor-section-height-min-height elementor-section-items-bottom elementor-section-height-default\" data-id=\"0aa7a0b\" data-element_type=\"section\" data-e-type=\"section\" data-settings=\"{&quot;background_background&quot;:&quot;classic&quot;}\">\n\t\t\t\t\t\t\t<div class=\"elementor-background-overlay\"><\/div>\n\t\t\t\t\t\t\t<div class=\"elementor-container elementor-column-gap-no\">\n\t\t\t\t\t<div class=\"elementor-column elementor-col-100 elementor-top-column elementor-element elementor-element-641478a\" data-id=\"641478a\" data-element_type=\"column\" data-e-type=\"column\">\n\t\t\t<div class=\"elementor-widget-wrap elementor-element-populated\">\n\t\t\t\t\t\t<div class=\"elementor-element elementor-element-4d349c4 elementor-widget elementor-widget-heading\" data-id=\"4d349c4\" data-element_type=\"widget\" data-e-type=\"widget\" data-widget_type=\"heading.default\">\n\t\t\t\t<div class=\"elementor-widget-container\">\n\t\t\t\t\t<h2 class=\"elementor-heading-title elementor-size-default\">Kontakt<\/h2>\t\t\t\t<\/div>\n\t\t\t\t<\/div>\n\t\t\t\t\t<\/div>\n\t\t<\/div>\n\t\t\t\t\t<\/div>\n\t\t<\/section>\n\t\t\t\t<section class=\"elementor-section elementor-top-section elementor-element elementor-element-bfb5f4c elementor-section-boxed elementor-section-height-default elementor-section-height-default\" data-id=\"bfb5f4c\" data-element_type=\"section\" data-e-type=\"section\" data-settings=\"{&quot;background_background&quot;:&quot;classic&quot;}\">\n\t\t\t\t\t\t<div class=\"elementor-container elementor-column-gap-default\">\n\t\t\t\t\t<div class=\"elementor-column elementor-col-100 elementor-top-column elementor-element elementor-element-866b319\" data-id=\"866b319\" data-element_type=\"column\" data-e-type=\"column\">\n\t\t\t<div class=\"elementor-widget-wrap elementor-element-populated\">\n\t\t\t\t\t\t<div class=\"elementor-element elementor-element-4030644 elementor-widget elementor-widget-spacer\" data-id=\"4030644\" data-element_type=\"widget\" data-e-type=\"widget\" data-widget_type=\"spacer.default\">\n\t\t\t\t<div class=\"elementor-widget-container\">\n\t\t\t\t\t\t\t<div class=\"elementor-spacer\">\n\t\t\t<div class=\"elementor-spacer-inner\"><\/div>\n\t\t<\/div>\n\t\t\t\t\t\t<\/div>\n\t\t\t\t<\/div>\n\t\t\t\t<section class=\"elementor-section elementor-inner-section elementor-element elementor-element-faef282 elementor-section-boxed elementor-section-height-default elementor-section-height-default\" data-id=\"faef282\" data-element_type=\"section\" data-e-type=\"section\">\n\t\t\t\t\t\t<div class=\"elementor-container elementor-column-gap-default\">\n\t\t\t\t\t<div class=\"elementor-column elementor-col-50 elementor-inner-column elementor-element elementor-element-c4365a6\" data-id=\"c4365a6\" data-element_type=\"column\" data-e-type=\"column\">\n\t\t\t<div class=\"elementor-widget-wrap elementor-element-populated\">\n\t\t\t\t\t\t<div class=\"elementor-element elementor-element-0c04178 elementor-widget elementor-widget-spacer\" data-id=\"0c04178\" data-element_type=\"widget\" data-e-type=\"widget\" data-widget_type=\"spacer.default\">\n\t\t\t\t<div class=\"elementor-widget-container\">\n\t\t\t\t\t\t\t<div class=\"elementor-spacer\">\n\t\t\t<div class=\"elementor-spacer-inner\"><\/div>\n\t\t<\/div>\n\t\t\t\t\t\t<\/div>\n\t\t\t\t<\/div>\n\t\t\t\t<div class=\"elementor-element elementor-element-9d27bf1 elementor-widget elementor-widget-text-editor\" data-id=\"9d27bf1\" data-element_type=\"widget\" data-e-type=\"widget\" data-widget_type=\"text-editor.default\">\n\t\t\t\t<div class=\"elementor-widget-container\">\n\t\t\t\t\t\t\t\t\t<p>Wir freuen uns sehr \u00fcber Ihre Nachricht.<\/p>\n<p>Bitte schicken Sie uns Ihre Fragen oder Anregungen. Einige Ihrer Fragen werden sicher schon in der <a href=\"https:\/faq\/\" target=\"_blank\" rel=\"noopener noreferrer nofollow\">FAQ -Liste<\/a> beantwortet. Schauen Sie dort einfach mal vorbei.<\/p>\n<p>Falls Sie uns direkt anschreiben m\u00f6chten erreichen Sie uns \u00fcber die Email- Adresse:<\/p>\n<p>info[at]sawabona-africa.com.<\/p>\n<p><strong>Bitte beachten Sie, dass wir keine Finanzhilfen gew\u00e4hren und daher nicht aktiv auf Finanzierungsanfragen antworten werden.<\/strong><\/p>\n\t\t\t\t\t\t\t\t<\/div>\n\t\t\t\t<\/div>\n\t\t\t\t\t<\/div>\n\t\t<\/div>\n\t\t\t\t<div class=\"elementor-column elementor-col-50 elementor-inner-column elementor-element elementor-element-99544d4\" data-id=\"99544d4\" data-element_type=\"column\" data-e-type=\"column\">\n\t\t\t<div class=\"elementor-widget-wrap elementor-element-populated\">\n\t\t\t\t\t\t<div class=\"elementor-element elementor-element-2a81862 elementor-button-align-center elementor-widget elementor-widget-form\" data-id=\"2a81862\" data-element_type=\"widget\" data-e-type=\"widget\" data-settings=\"{&quot;step_next_label&quot;:&quot;Next&quot;,&quot;step_previous_label&quot;:&quot;Zur\\u00fcck&quot;,&quot;step_type&quot;:&quot;number_text&quot;,&quot;step_icon_shape&quot;:&quot;circle&quot;}\" data-widget_type=\"form.default\">\n\t\t\t\t<div class=\"elementor-widget-container\">\n\t\t\t\t\t\t\t<form class=\"elementor-form\" method=\"post\" name=\"Kontaktformular\" aria-label=\"Kontaktformular\">\n\t\t\t<input type=\"hidden\" name=\"post_id\" value=\"5216\"\/>\n\t\t\t<input type=\"hidden\" name=\"form_id\" value=\"2a81862\"\/>\n\t\t\t<input type=\"hidden\" name=\"referer_title\" value=\"Kontakt Sawabona Africa. Bitte unsere Formular ausfullen\" \/>\n\n\t\t\t\t\t\t\t<input type=\"hidden\" name=\"queried_id\" value=\"5216\"\/>\n\t\t\t\n\t\t\t<div class=\"elementor-form-fields-wrapper elementor-labels-above\">\n\t\t\t\t\t\t\t\t<div class=\"elementor-field-type-text elementor-field-group elementor-column elementor-field-group-name elementor-col-100 elementor-field-required elementor-mark-required\">\n\t\t\t\t\t\t\t\t\t\t\t\t<label for=\"form-field-name\" class=\"elementor-field-label\">\n\t\t\t\t\t\t\t\tName\t\t\t\t\t\t\t<\/label>\n\t\t\t\t\t\t\t\t\t\t\t\t\t\t<input size=\"1\" type=\"text\" name=\"form_fields[name]\" id=\"form-field-name\" class=\"elementor-field elementor-size-md  elementor-field-textual\" placeholder=\"Vorname, Nachname\" required=\"required\">\n\t\t\t\t\t\t\t\t\t\t\t<\/div>\n\t\t\t\t\t\t\t\t<div class=\"elementor-field-type-email elementor-field-group elementor-column elementor-field-group-email elementor-col-100 elementor-field-required elementor-mark-required\">\n\t\t\t\t\t\t\t\t\t\t\t\t<label for=\"form-field-email\" class=\"elementor-field-label\">\n\t\t\t\t\t\t\t\tEmail\t\t\t\t\t\t\t<\/label>\n\t\t\t\t\t\t\t\t\t\t\t\t\t\t<input size=\"1\" type=\"email\" name=\"form_fields[email]\" id=\"form-field-email\" class=\"elementor-field elementor-size-md  elementor-field-textual\" placeholder=\"Email\" required=\"required\">\n\t\t\t\t\t\t\t\t\t\t\t<\/div>\n\t\t\t\t\t\t\t\t<div class=\"elementor-field-type-textarea elementor-field-group elementor-column elementor-field-group-message elementor-col-100\">\n\t\t\t\t\t\t\t\t\t\t\t\t<label for=\"form-field-message\" class=\"elementor-field-label\">\n\t\t\t\t\t\t\t\tNachricht\t\t\t\t\t\t\t<\/label>\n\t\t\t\t\t\t<textarea class=\"elementor-field-textual elementor-field  elementor-size-md\" name=\"form_fields[message]\" id=\"form-field-message\" rows=\"7\" placeholder=\"Nachricht\"><\/textarea>\t\t\t\t<\/div>\n\t\t\t\t\t\t\t\t<div class=\"elementor-field-type-acceptance elementor-field-group elementor-column elementor-field-group-field_766d637 elementor-col-66\">\n\t\t\t\t\t\t\t\t\t\t\t\t<label for=\"form-field-field_766d637\" class=\"elementor-field-label\">\n\t\t\t\t\t\t\t\tZustimmung\t\t\t\t\t\t\t<\/label>\n\t\t\t\t\t\t\t\t<div class=\"elementor-field-subgroup\">\n\t\t\t<span class=\"elementor-field-option\">\n\t\t\t\t<input type=\"checkbox\" name=\"form_fields[field_766d637]\" id=\"form-field-field_766d637\" class=\"elementor-field elementor-size-md  elementor-acceptance-field\">\n\t\t\t\t<label for=\"form-field-field_766d637\">Ich m\u00f6chte gerne Neuigkeiten von Sawabona Africa erhalten und den Newsletter von Sawabona Africa abonnieren.<\/label>\t\t\t<\/span>\n\t\t<\/div>\n\t\t\t\t\t\t<\/div>\n\t\t\t\t\t\t\t\t<div class=\"elementor-field-type-recaptcha_v3 elementor-field-group elementor-column elementor-field-group-field_d96b20e elementor-col-100 recaptcha_v3-inline\">\n\t\t\t\t\t<div class=\"elementor-field\" id=\"form-field-field_d96b20e\"><div class=\"elementor-g-recaptcha\" data-sitekey=\"6LeEcxYdAAAAAFw9Izzj9LEJAYjqQkcMDimakoe7\" data-type=\"v3\" data-action=\"Form\" data-badge=\"inline\" data-size=\"invisible\"><\/div><\/div>\t\t\t\t<\/div>\n\t\t\t\t\t\t\t\t<div class=\"elementor-field-group elementor-column elementor-field-type-submit elementor-col-100 e-form__buttons\">\n\t\t\t\t\t<button class=\"elementor-button elementor-size-md\" type=\"submit\">\n\t\t\t\t\t\t<span class=\"elementor-button-content-wrapper\">\n\t\t\t\t\t\t\t\t\t\t\t\t\t\t\t\t\t\t\t\t\t\t<span class=\"elementor-button-text\">Senden<\/span>\n\t\t\t\t\t\t\t\t\t\t\t\t\t<\/span>\n\t\t\t\t\t<\/button>\n\t\t\t\t<\/div>\n\t\t\t<\/div>\n\t\t<\/form>\n\t\t\t\t\t\t<\/div>\n\t\t\t\t<\/div>\n\t\t\t\t\t<\/div>\n\t\t<\/div>\n\t\t\t\t\t<\/div>\n\t\t<\/section>\n\t\t\t\t<div class=\"elementor-element elementor-element-c6ede99 elementor-widget elementor-widget-spacer\" data-id=\"c6ede99\" data-element_type=\"widget\" data-e-type=\"widget\" data-widget_type=\"spacer.default\">\n\t\t\t\t<div class=\"elementor-widget-container\">\n\t\t\t\t\t\t\t<div class=\"elementor-spacer\">\n\t\t\t<div class=\"elementor-spacer-inner\"><\/div>\n\t\t<\/div>\n\t\t\t\t\t\t<\/div>\n\t\t\t\t<\/div>\n\t\t\t\t\t<\/div>\n\t\t<\/div>\n\t\t\t\t\t<\/div>\n\t\t<\/section>\n\t\t\t\t<\/div>\n\t\t","protected":false},"excerpt":{"rendered":"<p>Kontakt Wir freuen uns sehr \u00fcber Ihre Nachricht. Bitte schicken Sie uns Ihre Fragen oder Anregungen. Einige Ihrer Fragen werden sicher schon in der FAQ -Liste beantwortet. Schauen Sie dort einfach mal vorbei. Falls Sie uns direkt anschreiben m\u00f6chten erreichen Sie uns \u00fcber die Email- Adresse: info[at]sawabona-africa.com. Bitte beachten Sie, dass wir keine Finanzhilfen gew\u00e4hren [&hellip;]<\/p>\n","protected":false},"author":1,"featured_media":7496,"parent":0,"menu_order":0,"comment_status":"closed","ping_status":"closed","template":"","meta":{"site-sidebar-layout":"no-sidebar","site-content-layout":"page-builder","ast-site-content-layout":"full-width-container","site-content-style":"unboxed","site-sidebar-style":"unboxed","ast-global-header-display":"","ast-banner-title-visibility":"","ast-main-header-display":"","ast-hfb-above-header-display":"","ast-hfb-below-header-display":"","ast-hfb-mobile-header-display":"","site-post-title":"disabled","ast-breadcrumbs-content":"","ast-featured-img":"disabled","footer-sml-layout":"","ast-disable-related-posts":"","theme-transparent-header-meta":"enabled","adv-header-id-meta":"","stick-header-meta":"","header-above-stick-meta":"","header-main-stick-meta":"","header-below-stick-meta":"","astra-migrate-meta-layouts":"default","ast-page-background-enabled":"default","ast-page-background-meta":{"desktop":{"background-color":"","background-image":"","background-repeat":"repeat","background-position":"center center","background-size":"auto","background-attachment":"scroll","background-type":"","background-media":"","overlay-type":"","overlay-color":"","overlay-opacity":"","overlay-gradient":""},"tablet":{"background-color":"","background-image":"","background-repeat":"repeat","background-position":"center center","background-size":"auto","background-attachment":"scroll","background-type":"","background-media":"","overlay-type":"","overlay-color":"","overlay-opacity":"","overlay-gradient":""},"mobile":{"background-color":"","background-image":"","background-repeat":"repeat","background-position":"center center","background-size":"auto","background-attachment":"scroll","background-type":"","background-media":"","overlay-type":"","overlay-color":"","overlay-opacity":"","overlay-gradient":""}},"ast-content-background-meta":{"desktop":{"background-color":"var(--ast-global-color-5)","background-image":"","background-repeat":"repeat","background-position":"center center","background-size":"auto","background-attachment":"scroll","background-type":"","background-media":"","overlay-type":"","overlay-color":"","overlay-opacity":"","overlay-gradient":""},"tablet":{"background-color":"var(--ast-global-color-5)","background-image":"","background-repeat":"repeat","background-position":"center center","background-size":"auto","background-attachment":"scroll","background-type":"","background-media":"","overlay-type":"","overlay-color":"","overlay-opacity":"","overlay-gradient":""},"mobile":{"background-color":"var(--ast-global-color-5)","background-image":"","background-repeat":"repeat","background-position":"center center","background-size":"auto","background-attachment":"scroll","background-type":"","background-media":"","overlay-type":"","overlay-color":"","overlay-opacity":"","overlay-gradient":""}},"footnotes":""},"class_list":["post-5216","page","type-page","status-publish","has-post-thumbnail","hentry"],"yoast_head":"<!-- This site is optimized with the Yoast SEO plugin v27.4 - https:\/\/yoast.com\/product\/yoast-seo-wordpress\/ -->\n<title>Kontakt Sawabona Africa. Bitte unsere Formular ausfullen<\/title>\n<meta name=\"description\" content=\"Wenn Sie mit uns bei Sawabona Africa sprechen m\u00f6chten oder Fragen haben, f\u00fcllen Sie bitte das Formular aus oder kontaktieren Sie uns direkt \u00fcber unsere Email-Adresse\" \/>\n<meta name=\"robots\" content=\"index, follow, max-snippet:-1, max-image-preview:large, max-video-preview:-1\" \/>\n<link rel=\"canonical\" href=\"https:\/\/sawabona-africa.com\/de\/kontakt\/\" \/>\n<meta property=\"og:locale\" content=\"de_DE\" \/>\n<meta property=\"og:type\" content=\"article\" \/>\n<meta property=\"og:title\" content=\"Kontakt Sawabona Africa. Bitte unsere Formular ausfullen\" \/>\n<meta property=\"og:description\" content=\"Wenn Sie mit uns bei Sawabona Africa sprechen m\u00f6chten oder Fragen haben, f\u00fcllen Sie bitte das Formular aus oder kontaktieren Sie uns direkt \u00fcber unsere Email-Adresse\" \/>\n<meta property=\"og:url\" content=\"https:\/\/sawabona-africa.com\/de\/kontakt\/\" \/>\n<meta property=\"og:site_name\" content=\"Sawabona Africa e.V.\" \/>\n<meta property=\"article:publisher\" content=\"https:\/\/www.facebook.com\/SawabonaAfrica\" \/>\n<meta property=\"article:modified_time\" content=\"2024-01-11T12:44:40+00:00\" \/>\n<meta property=\"og:image\" content=\"https:\/\/sawabona-africa.com\/wp-content\/uploads\/2021\/01\/logo_sawabona-africa_final.png\" \/>\n\t<meta property=\"og:image:width\" content=\"779\" \/>\n\t<meta property=\"og:image:height\" content=\"324\" \/>\n\t<meta property=\"og:image:type\" content=\"image\/png\" \/>\n<meta name=\"twitter:card\" content=\"summary_large_image\" \/>\n<meta name=\"twitter:label1\" content=\"Gesch\u00e4tzte Lesezeit\" \/>\n\t<meta name=\"twitter:data1\" content=\"1\u00a0Minute\" \/>\n<!-- \/ Yoast SEO plugin. -->","yoast_head_json":{"title":"Kontakt Sawabona Africa. Bitte unsere Formular ausfullen","description":"Wenn Sie mit uns bei Sawabona Africa sprechen m\u00f6chten oder Fragen haben, f\u00fcllen Sie bitte das Formular aus oder kontaktieren Sie uns direkt \u00fcber unsere Email-Adresse","robots":{"index":"index","follow":"follow","max-snippet":"max-snippet:-1","max-image-preview":"max-image-preview:large","max-video-preview":"max-video-preview:-1"},"canonical":"https:\/\/sawabona-africa.com\/de\/kontakt\/","og_locale":"de_DE","og_type":"article","og_title":"Kontakt Sawabona Africa. Bitte unsere Formular ausfullen","og_description":"Wenn Sie mit uns bei Sawabona Africa sprechen m\u00f6chten oder Fragen haben, f\u00fcllen Sie bitte das Formular aus oder kontaktieren Sie uns direkt \u00fcber unsere Email-Adresse","og_url":"https:\/\/sawabona-africa.com\/de\/kontakt\/","og_site_name":"Sawabona Africa e.V.","article_publisher":"https:\/\/www.facebook.com\/SawabonaAfrica","article_modified_time":"2024-01-11T12:44:40+00:00","og_image":[{"width":779,"height":324,"url":"https:\/\/sawabona-africa.com\/wp-content\/uploads\/2021\/01\/logo_sawabona-africa_final.png","type":"image\/png"}],"twitter_card":"summary_large_image","twitter_misc":{"Gesch\u00e4tzte Lesezeit":"1\u00a0Minute"},"schema":{"@context":"https:\/\/schema.org","@graph":[{"@type":"WebPage","@id":"https:\/\/sawabona-africa.com\/de\/kontakt\/","url":"https:\/\/sawabona-africa.com\/de\/kontakt\/","name":"Kontakt Sawabona Africa. Bitte unsere Formular ausfullen","isPartOf":{"@id":"https:\/\/sawabona-africa.com\/#website"},"primaryImageOfPage":{"@id":"https:\/\/sawabona-africa.com\/de\/kontakt\/#primaryimage"},"image":{"@id":"https:\/\/sawabona-africa.com\/de\/kontakt\/#primaryimage"},"thumbnailUrl":"https:\/\/sawabona-africa.com\/wp-content\/uploads\/2021\/01\/logo_sawabona-africa_final.png","datePublished":"2021-03-22T20:34:23+00:00","dateModified":"2024-01-11T12:44:40+00:00","description":"Wenn Sie mit uns bei Sawabona Africa sprechen m\u00f6chten oder Fragen haben, f\u00fcllen Sie bitte das Formular aus oder kontaktieren Sie uns direkt \u00fcber unsere Email-Adresse","breadcrumb":{"@id":"https:\/\/sawabona-africa.com\/de\/kontakt\/#breadcrumb"},"inLanguage":"de","potentialAction":[{"@type":"ReadAction","target":["https:\/\/sawabona-africa.com\/de\/kontakt\/"]}]},{"@type":"ImageObject","inLanguage":"de","@id":"https:\/\/sawabona-africa.com\/de\/kontakt\/#primaryimage","url":"https:\/\/sawabona-africa.com\/wp-content\/uploads\/2021\/01\/logo_sawabona-africa_final.png","contentUrl":"https:\/\/sawabona-africa.com\/wp-content\/uploads\/2021\/01\/logo_sawabona-africa_final.png","width":779,"height":324,"caption":"Kontakt Sawabona Africa"},{"@type":"BreadcrumbList","@id":"https:\/\/sawabona-africa.com\/de\/kontakt\/#breadcrumb","itemListElement":[{"@type":"ListItem","position":1,"name":"Home","item":"https:\/\/sawabona-africa.com\/de\/"},{"@type":"ListItem","position":2,"name":"Kontakt"}]},{"@type":"WebSite","@id":"https:\/\/sawabona-africa.com\/#website","url":"https:\/\/sawabona-africa.com\/","name":"Sawabona Africa","description":"Support Education. Deliver Hope.","publisher":{"@id":"https:\/\/sawabona-africa.com\/#organization"},"potentialAction":[{"@type":"SearchAction","target":{"@type":"EntryPoint","urlTemplate":"https:\/\/sawabona-africa.com\/?s={search_term_string}"},"query-input":{"@type":"PropertyValueSpecification","valueRequired":true,"valueName":"search_term_string"}}],"inLanguage":"de"},{"@type":"Organization","@id":"https:\/\/sawabona-africa.com\/#organization","name":"Sawabona Africa e.V.","url":"https:\/\/sawabona-africa.com\/","logo":{"@type":"ImageObject","inLanguage":"de","@id":"https:\/\/sawabona-africa.com\/#\/schema\/logo\/image\/","url":"https:\/\/sawabona-africa.com\/wp-content\/uploads\/2021\/01\/logo_sawabona-africa_final.png","contentUrl":"https:\/\/sawabona-africa.com\/wp-content\/uploads\/2021\/01\/logo_sawabona-africa_final.png","width":779,"height":324,"caption":"Sawabona Africa e.V."},"image":{"@id":"https:\/\/sawabona-africa.com\/#\/schema\/logo\/image\/"},"sameAs":["https:\/\/www.facebook.com\/SawabonaAfrica","https:\/\/www.instagram.com\/sawabonaafrica\/","https:\/\/www.linkedin.com\/company\/sawabona-africa\/","https:\/\/www.linkedin.com\/company\/sawabona-africa-de\/"]}]}},"_links":{"self":[{"href":"https:\/\/sawabona-africa.com\/de\/wp-json\/wp\/v2\/pages\/5216","targetHints":{"allow":["GET"]}}],"collection":[{"href":"https:\/\/sawabona-africa.com\/de\/wp-json\/wp\/v2\/pages"}],"about":[{"href":"https:\/\/sawabona-africa.com\/de\/wp-json\/wp\/v2\/types\/page"}],"author":[{"embeddable":true,"href":"https:\/\/sawabona-africa.com\/de\/wp-json\/wp\/v2\/users\/1"}],"replies":[{"embeddable":true,"href":"https:\/\/sawabona-africa.com\/de\/wp-json\/wp\/v2\/comments?post=5216"}],"version-history":[{"count":1,"href":"https:\/\/sawabona-africa.com\/de\/wp-json\/wp\/v2\/pages\/5216\/revisions"}],"predecessor-version":[{"id":18006,"href":"https:\/\/sawabona-africa.com\/de\/wp-json\/wp\/v2\/pages\/5216\/revisions\/18006"}],"wp:featuredmedia":[{"embeddable":true,"href":"https:\/\/sawabona-africa.com\/de\/wp-json\/wp\/v2\/media\/7496"}],"wp:attachment":[{"href":"https:\/\/sawabona-africa.com\/de\/wp-json\/wp\/v2\/media?parent=5216"}],"curies":[{"name":"wp","href":"https:\/\/api.w.org\/{rel}","templated":true}]}}