{"id":5223,"date":"2021-03-22T21:51:31","date_gmt":"2021-03-22T20:51:31","guid":{"rendered":"https:\/haeufige-fragen\/"},"modified":"2023-04-25T14:50:16","modified_gmt":"2023-04-25T12:50:16","slug":"haeufige-fragen","status":"publish","type":"page","link":"https:\/\/sawabona-africa.com\/de\/haeufige-fragen\/","title":{"rendered":"FAQ"},"content":{"rendered":"\t\t<div data-elementor-type=\"wp-post\" data-elementor-id=\"5223\" class=\"elementor elementor-5223 elementor-5154\" data-elementor-post-type=\"page\">\n\t\t\t\t\t\t<section class=\"elementor-section elementor-top-section elementor-element elementor-element-0aa7a0b elementor-section-full_width elementor-section-content-bottom elementor-section-height-min-height elementor-section-items-bottom elementor-section-height-default\" data-id=\"0aa7a0b\" data-element_type=\"section\" data-e-type=\"section\" data-settings=\"{&quot;background_background&quot;:&quot;classic&quot;}\">\n\t\t\t\t\t\t\t<div class=\"elementor-background-overlay\"><\/div>\n\t\t\t\t\t\t\t<div class=\"elementor-container elementor-column-gap-no\">\n\t\t\t\t\t<div class=\"elementor-column elementor-col-100 elementor-top-column elementor-element elementor-element-641478a\" data-id=\"641478a\" data-element_type=\"column\" data-e-type=\"column\">\n\t\t\t<div class=\"elementor-widget-wrap\">\n\t\t\t\t\t\t\t<\/div>\n\t\t<\/div>\n\t\t\t\t\t<\/div>\n\t\t<\/section>\n\t\t\t\t<section class=\"elementor-section elementor-top-section elementor-element elementor-element-390531f elementor-section-boxed elementor-section-height-default elementor-section-height-default\" data-id=\"390531f\" data-element_type=\"section\" data-e-type=\"section\" data-settings=\"{&quot;background_background&quot;:&quot;classic&quot;}\">\n\t\t\t\t\t\t<div class=\"elementor-container elementor-column-gap-default\">\n\t\t\t\t\t<div class=\"elementor-column elementor-col-100 elementor-top-column elementor-element elementor-element-4d0b62c\" data-id=\"4d0b62c\" data-element_type=\"column\" data-e-type=\"column\">\n\t\t\t<div class=\"elementor-widget-wrap elementor-element-populated\">\n\t\t\t\t\t\t<div class=\"elementor-element elementor-element-4d349c4 elementor-widget elementor-widget-heading\" data-id=\"4d349c4\" data-element_type=\"widget\" data-e-type=\"widget\" data-widget_type=\"heading.default\">\n\t\t\t\t<div class=\"elementor-widget-container\">\n\t\t\t\t\t<h2 class=\"elementor-heading-title elementor-size-default\">Unsere Antworten auf Ihre Fragen<\/h2>\t\t\t\t<\/div>\n\t\t\t\t<\/div>\n\t\t\t\t\t<\/div>\n\t\t<\/div>\n\t\t\t\t\t<\/div>\n\t\t<\/section>\n\t\t\t\t<section class=\"elementor-section elementor-top-section elementor-element elementor-element-2a1bbdd elementor-section-boxed elementor-section-height-default elementor-section-height-default\" data-id=\"2a1bbdd\" data-element_type=\"section\" data-e-type=\"section\" data-settings=\"{&quot;background_background&quot;:&quot;classic&quot;}\">\n\t\t\t\t\t\t<div class=\"elementor-container elementor-column-gap-default\">\n\t\t\t\t\t<div class=\"elementor-column elementor-col-100 elementor-top-column elementor-element elementor-element-6f9dbbd\" data-id=\"6f9dbbd\" data-element_type=\"column\" data-e-type=\"column\">\n\t\t\t<div class=\"elementor-widget-wrap elementor-element-populated\">\n\t\t\t\t\t\t<div class=\"elementor-element elementor-element-357f1f4 elementor-widget elementor-widget-spacer\" data-id=\"357f1f4\" data-element_type=\"widget\" data-e-type=\"widget\" data-widget_type=\"spacer.default\">\n\t\t\t\t<div class=\"elementor-widget-container\">\n\t\t\t\t\t\t\t<div class=\"elementor-spacer\">\n\t\t\t<div class=\"elementor-spacer-inner\"><\/div>\n\t\t<\/div>\n\t\t\t\t\t\t<\/div>\n\t\t\t\t<\/div>\n\t\t\t\t<div class=\"elementor-element elementor-element-18958ee elementor-widget elementor-widget-text-editor\" data-id=\"18958ee\" data-element_type=\"widget\" data-e-type=\"widget\" data-widget_type=\"text-editor.default\">\n\t\t\t\t<div class=\"elementor-widget-container\">\n\t\t\t\t\t\t\t\t\t<p><b>Kann ich auch von au\u00dferhalb Deutschlands spenden?<\/b><\/p>\n<p>Ja, das k\u00f6nnen Sie. Spenden k\u00f6nnen \u00fcber Paypal, Kreditkarte oder einer Direkt\u00fcberweisung auf unser Konto get\u00e4tigt werden.<\/p>\n<p> Sawabona Africa kann jedoch dann keine Spendenbescheinigung ausstellen.<\/p>\n\t\t\t\t\t\t\t\t<\/div>\n\t\t\t\t<\/div>\n\t\t\t\t<div class=\"elementor-element elementor-element-83f5cb4 elementor-widget-divider--view-line_icon elementor-view-default elementor-widget-divider--element-align-center elementor-widget elementor-widget-divider\" data-id=\"83f5cb4\" data-element_type=\"widget\" data-e-type=\"widget\" data-widget_type=\"divider.default\">\n\t\t\t\t<div class=\"elementor-widget-container\">\n\t\t\t\t\t\t\t<div class=\"elementor-divider\">\n\t\t\t<span class=\"elementor-divider-separator\">\n\t\t\t\t\t\t\t<div class=\"elementor-icon elementor-divider__element\">\n\t\t\t\t\t<i aria-hidden=\"true\" class=\"fas fa-feather-alt\"><\/i><\/div>\n\t\t\t\t\t\t<\/span>\n\t\t<\/div>\n\t\t\t\t\t\t<\/div>\n\t\t\t\t<\/div>\n\t\t\t\t<div class=\"elementor-element elementor-element-e492b20 elementor-widget elementor-widget-text-editor\" data-id=\"e492b20\" data-element_type=\"widget\" data-e-type=\"widget\" data-widget_type=\"text-editor.default\">\n\t\t\t\t<div class=\"elementor-widget-container\">\n\t\t\t\t\t\t\t\t\t<p><b>Kann ich direkt an die Wohlt\u00e4tigkeitsorganisation spenden?&nbsp;<\/b><\/p>\n<p>Ja, Sie k\u00f6nnen gerne direkt an die von uns vorgestellten Wohlt\u00e4tigkeitsorganisationen spenden.&nbsp;&nbsp;<\/p>\t\t\t\t\t\t\t\t<\/div>\n\t\t\t\t<\/div>\n\t\t\t\t<div class=\"elementor-element elementor-element-4268fdc elementor-widget-divider--view-line_icon elementor-view-default elementor-widget-divider--element-align-center elementor-widget elementor-widget-divider\" data-id=\"4268fdc\" data-element_type=\"widget\" data-e-type=\"widget\" data-widget_type=\"divider.default\">\n\t\t\t\t<div class=\"elementor-widget-container\">\n\t\t\t\t\t\t\t<div class=\"elementor-divider\">\n\t\t\t<span class=\"elementor-divider-separator\">\n\t\t\t\t\t\t\t<div class=\"elementor-icon elementor-divider__element\">\n\t\t\t\t\t<i aria-hidden=\"true\" class=\"fas fa-feather-alt\"><\/i><\/div>\n\t\t\t\t\t\t<\/span>\n\t\t<\/div>\n\t\t\t\t\t\t<\/div>\n\t\t\t\t<\/div>\n\t\t\t\t<div class=\"elementor-element elementor-element-b7808fc elementor-widget elementor-widget-text-editor\" data-id=\"b7808fc\" data-element_type=\"widget\" data-e-type=\"widget\" data-widget_type=\"text-editor.default\">\n\t\t\t\t<div class=\"elementor-widget-container\">\n\t\t\t\t\t\t\t\t\t<p><b>Was passiert mit meiner Spende und welche Kosten fallen an?<\/b><\/p>\n<p> Ihre Spende wird abz\u00fcglich der \u00dcberweisungskosten in voller H\u00f6he, ohne Erhebung von Verwaltungsgeb\u00fcren dem Projekt zugef\u00fchrt. Wir erheben keine Verwaltungskosten.<\/p>\n\t\t\t\t\t\t\t\t<\/div>\n\t\t\t\t<\/div>\n\t\t\t\t<div class=\"elementor-element elementor-element-00b8ab7 elementor-widget-divider--view-line_icon elementor-view-default elementor-widget-divider--element-align-center elementor-widget elementor-widget-divider\" data-id=\"00b8ab7\" data-element_type=\"widget\" data-e-type=\"widget\" data-widget_type=\"divider.default\">\n\t\t\t\t<div class=\"elementor-widget-container\">\n\t\t\t\t\t\t\t<div class=\"elementor-divider\">\n\t\t\t<span class=\"elementor-divider-separator\">\n\t\t\t\t\t\t\t<div class=\"elementor-icon elementor-divider__element\">\n\t\t\t\t\t<i aria-hidden=\"true\" class=\"fas fa-feather-alt\"><\/i><\/div>\n\t\t\t\t\t\t<\/span>\n\t\t<\/div>\n\t\t\t\t\t\t<\/div>\n\t\t\t\t<\/div>\n\t\t\t\t<div class=\"elementor-element elementor-element-c163b4d elementor-widget elementor-widget-text-editor\" data-id=\"c163b4d\" data-element_type=\"widget\" data-e-type=\"widget\" data-widget_type=\"text-editor.default\">\n\t\t\t\t<div class=\"elementor-widget-container\">\n\t\t\t\t\t\t\t\t\t<p><b>Wie kann ich sicher sein, dass mein Geld direkt in das von mir unterst\u00fctzte Projekt flie\u00dft?<\/b><\/p>\n<p>Alle Wohlt\u00e4tigkeitsorganisationen werden gr\u00fcndlich \u00fcberpr\u00fcft und wir erhalten viertelj\u00e4hrliche und j\u00e4hrliche Finanzberichte von der Wohlt\u00e4tigkeitsorganisation. <span style=\"font-size: 15px; color: var( --e-global-color-text ); font-family: var( --e-global-typography-text-font-family ), Sans-serif; background-color: var( --e-global-color-a4b2cbe );\">Wir stehen f\u00fcr eine transparente und vertrauensvolle Zusammenarbeit mit unseren Partnern.<\/span><\/p>\n\t\t\t\t\t\t\t\t<\/div>\n\t\t\t\t<\/div>\n\t\t\t\t<div class=\"elementor-element elementor-element-c26c89c elementor-widget-divider--view-line_icon elementor-view-default elementor-widget-divider--element-align-center elementor-widget elementor-widget-divider\" data-id=\"c26c89c\" data-element_type=\"widget\" data-e-type=\"widget\" data-widget_type=\"divider.default\">\n\t\t\t\t<div class=\"elementor-widget-container\">\n\t\t\t\t\t\t\t<div class=\"elementor-divider\">\n\t\t\t<span class=\"elementor-divider-separator\">\n\t\t\t\t\t\t\t<div class=\"elementor-icon elementor-divider__element\">\n\t\t\t\t\t<i aria-hidden=\"true\" class=\"fas fa-feather-alt\"><\/i><\/div>\n\t\t\t\t\t\t<\/span>\n\t\t<\/div>\n\t\t\t\t\t\t<\/div>\n\t\t\t\t<\/div>\n\t\t\t\t<div class=\"elementor-element elementor-element-5adc890 elementor-widget elementor-widget-text-editor\" data-id=\"5adc890\" data-element_type=\"widget\" data-e-type=\"widget\" data-widget_type=\"text-editor.default\">\n\t\t\t\t<div class=\"elementor-widget-container\">\n\t\t\t\t\t\t\t\t\t<p><b>Erhalte ich eine Spendenbescheinigung?<\/b><\/p>\n<p>Sawabona Africa stellt auf W\u00fcnsch f\u00fcr alle in Deutschland eingegangenen Spenden eine elektronische Spendenbescheinigung aus.<\/p>\n\t\t\t\t\t\t\t\t<\/div>\n\t\t\t\t<\/div>\n\t\t\t\t<div class=\"elementor-element elementor-element-e990799 elementor-widget-divider--view-line_icon elementor-view-default elementor-widget-divider--element-align-center elementor-widget elementor-widget-divider\" data-id=\"e990799\" data-element_type=\"widget\" data-e-type=\"widget\" data-widget_type=\"divider.default\">\n\t\t\t\t<div class=\"elementor-widget-container\">\n\t\t\t\t\t\t\t<div class=\"elementor-divider\">\n\t\t\t<span class=\"elementor-divider-separator\">\n\t\t\t\t\t\t\t<div class=\"elementor-icon elementor-divider__element\">\n\t\t\t\t\t<i aria-hidden=\"true\" class=\"fas fa-feather-alt\"><\/i><\/div>\n\t\t\t\t\t\t<\/span>\n\t\t<\/div>\n\t\t\t\t\t\t<\/div>\n\t\t\t\t<\/div>\n\t\t\t\t<div class=\"elementor-element elementor-element-9022c21 elementor-widget elementor-widget-text-editor\" data-id=\"9022c21\" data-element_type=\"widget\" data-e-type=\"widget\" data-widget_type=\"text-editor.default\">\n\t\t\t\t<div class=\"elementor-widget-container\">\n\t\t\t\t\t\t\t\t\t<p><b>Kann ich die Wohlt\u00e4tigkeitsorganisation besuchen, die ich unterst\u00fctze?<\/b><\/p>\n<p>Ja, das k\u00f6nnen Sie. Sawabona Africa wird Sie mit der Partner-Wohlt\u00e4tigkeitsorganisation in S\u00fcdafrika verbinden.<\/p>\n\t\t\t\t\t\t\t\t<\/div>\n\t\t\t\t<\/div>\n\t\t\t\t<div class=\"elementor-element elementor-element-34be59b elementor-widget-divider--view-line_icon elementor-view-default elementor-widget-divider--element-align-center elementor-widget elementor-widget-divider\" data-id=\"34be59b\" data-element_type=\"widget\" data-e-type=\"widget\" data-widget_type=\"divider.default\">\n\t\t\t\t<div class=\"elementor-widget-container\">\n\t\t\t\t\t\t\t<div class=\"elementor-divider\">\n\t\t\t<span class=\"elementor-divider-separator\">\n\t\t\t\t\t\t\t<div class=\"elementor-icon elementor-divider__element\">\n\t\t\t\t\t<i aria-hidden=\"true\" class=\"fas fa-feather-alt\"><\/i><\/div>\n\t\t\t\t\t\t<\/span>\n\t\t<\/div>\n\t\t\t\t\t\t<\/div>\n\t\t\t\t<\/div>\n\t\t\t\t<div class=\"elementor-element elementor-element-f2f2fd5 elementor-widget elementor-widget-text-editor\" data-id=\"f2f2fd5\" data-element_type=\"widget\" data-e-type=\"widget\" data-widget_type=\"text-editor.default\">\n\t\t\t\t<div class=\"elementor-widget-container\">\n\t\t\t\t\t\t\t\t\t<p><b>Wenn ich ein Pate eines Bright Start-Kindes bin, ist es auch m\u00f6glich, sich mit dem Patenkind zu treffen?<\/b><\/p>\n<p>Ja, das ist m\u00f6glich.<\/p>\n\t\t\t\t\t\t\t\t<\/div>\n\t\t\t\t<\/div>\n\t\t\t\t<div class=\"elementor-element elementor-element-2ed81d0 elementor-widget-divider--view-line_icon elementor-view-default elementor-widget-divider--element-align-center elementor-widget elementor-widget-divider\" data-id=\"2ed81d0\" data-element_type=\"widget\" data-e-type=\"widget\" data-widget_type=\"divider.default\">\n\t\t\t\t<div class=\"elementor-widget-container\">\n\t\t\t\t\t\t\t<div class=\"elementor-divider\">\n\t\t\t<span class=\"elementor-divider-separator\">\n\t\t\t\t\t\t\t<div class=\"elementor-icon elementor-divider__element\">\n\t\t\t\t\t<i aria-hidden=\"true\" class=\"fas fa-feather-alt\"><\/i><\/div>\n\t\t\t\t\t\t<\/span>\n\t\t<\/div>\n\t\t\t\t\t\t<\/div>\n\t\t\t\t<\/div>\n\t\t\t\t<div class=\"elementor-element elementor-element-7755edc elementor-widget elementor-widget-text-editor\" data-id=\"7755edc\" data-element_type=\"widget\" data-e-type=\"widget\" data-widget_type=\"text-editor.default\">\n\t\t\t\t<div class=\"elementor-widget-container\">\n\t\t\t\t\t\t\t\t\t<p><b>Kann ich mich bei einer der Partnerorganisationen ehrenamtlich engagieren?<\/b><\/p>\n<p>Bitte senden Sie uns eine E-Mail. Wir vermitteln Ihnen gerne den Kontakt zu unseren Partnerorganisationen. <\/p>\n\t\t\t\t\t\t\t\t<\/div>\n\t\t\t\t<\/div>\n\t\t\t\t<div class=\"elementor-element elementor-element-21a485e elementor-widget-divider--view-line_icon elementor-view-default elementor-widget-divider--element-align-center elementor-widget elementor-widget-divider\" data-id=\"21a485e\" data-element_type=\"widget\" data-e-type=\"widget\" data-widget_type=\"divider.default\">\n\t\t\t\t<div class=\"elementor-widget-container\">\n\t\t\t\t\t\t\t<div class=\"elementor-divider\">\n\t\t\t<span class=\"elementor-divider-separator\">\n\t\t\t\t\t\t\t<div class=\"elementor-icon elementor-divider__element\">\n\t\t\t\t\t<i aria-hidden=\"true\" class=\"fas fa-feather-alt\"><\/i><\/div>\n\t\t\t\t\t\t<\/span>\n\t\t<\/div>\n\t\t\t\t\t\t<\/div>\n\t\t\t\t<\/div>\n\t\t\t\t<div class=\"elementor-element elementor-element-18df658 elementor-widget elementor-widget-text-editor\" data-id=\"18df658\" data-element_type=\"widget\" data-e-type=\"widget\" data-widget_type=\"text-editor.default\">\n\t\t\t\t<div class=\"elementor-widget-container\">\n\t\t\t\t\t\t\t\t\t<p><b>Kann ich Sachgegenst\u00e4nde spenden, z. B. Spielzeug oder Kleidung?<\/b><\/p>\n<p>Nein. Sawabona Africa nimmt keine Sachspenden f\u00fcr bestimmte Projekte an. <\/p>\n\t\t\t\t\t\t\t\t<\/div>\n\t\t\t\t<\/div>\n\t\t\t\t<div class=\"elementor-element elementor-element-b0a76c6 elementor-widget-divider--view-line_icon elementor-view-default elementor-widget-divider--element-align-center elementor-widget elementor-widget-divider\" data-id=\"b0a76c6\" data-element_type=\"widget\" data-e-type=\"widget\" data-widget_type=\"divider.default\">\n\t\t\t\t<div class=\"elementor-widget-container\">\n\t\t\t\t\t\t\t<div class=\"elementor-divider\">\n\t\t\t<span class=\"elementor-divider-separator\">\n\t\t\t\t\t\t\t<div class=\"elementor-icon elementor-divider__element\">\n\t\t\t\t\t<i aria-hidden=\"true\" class=\"fas fa-feather-alt\"><\/i><\/div>\n\t\t\t\t\t\t<\/span>\n\t\t<\/div>\n\t\t\t\t\t\t<\/div>\n\t\t\t\t<\/div>\n\t\t\t\t<div class=\"elementor-element elementor-element-769a437 elementor-widget elementor-widget-text-editor\" data-id=\"769a437\" data-element_type=\"widget\" data-e-type=\"widget\" data-widget_type=\"text-editor.default\">\n\t\t\t\t<div class=\"elementor-widget-container\">\n\t\t\t\t\t\t\t\t\t<p><b>Kann ich einen Projektbericht erhalten?<\/b><\/p>\n<p>Ja, sicher. Schreiben Sie uns bitte hierzu eine E-Mail. Gerne senden wir Ihnen einen Projektbericht zu.<\/p><\/p>\n\t\t\t\t\t\t\t\t<\/div>\n\t\t\t\t<\/div>\n\t\t\t\t<div class=\"elementor-element elementor-element-c3eac77 elementor-widget-divider--view-line_icon elementor-view-default elementor-widget-divider--element-align-center elementor-widget elementor-widget-divider\" data-id=\"c3eac77\" data-element_type=\"widget\" data-e-type=\"widget\" data-widget_type=\"divider.default\">\n\t\t\t\t<div class=\"elementor-widget-container\">\n\t\t\t\t\t\t\t<div class=\"elementor-divider\">\n\t\t\t<span class=\"elementor-divider-separator\">\n\t\t\t\t\t\t\t<div class=\"elementor-icon elementor-divider__element\">\n\t\t\t\t\t<i aria-hidden=\"true\" class=\"fas fa-feather-alt\"><\/i><\/div>\n\t\t\t\t\t\t<\/span>\n\t\t<\/div>\n\t\t\t\t\t\t<\/div>\n\t\t\t\t<\/div>\n\t\t\t\t<div class=\"elementor-element elementor-element-7bb1501 elementor-widget elementor-widget-spacer\" data-id=\"7bb1501\" data-element_type=\"widget\" data-e-type=\"widget\" data-widget_type=\"spacer.default\">\n\t\t\t\t<div class=\"elementor-widget-container\">\n\t\t\t\t\t\t\t<div class=\"elementor-spacer\">\n\t\t\t<div class=\"elementor-spacer-inner\"><\/div>\n\t\t<\/div>\n\t\t\t\t\t\t<\/div>\n\t\t\t\t<\/div>\n\t\t\t\t\t<\/div>\n\t\t<\/div>\n\t\t\t\t\t<\/div>\n\t\t<\/section>\n\t\t\t\t<\/div>\n\t\t","protected":false},"excerpt":{"rendered":"<p>Unsere Antworten auf Ihre Fragen Kann ich auch von au\u00dferhalb Deutschlands spenden? Ja, das k\u00f6nnen Sie. Spenden k\u00f6nnen \u00fcber Paypal, Kreditkarte oder einer Direkt\u00fcberweisung auf unser Konto get\u00e4tigt werden. Sawabona Africa kann jedoch dann keine Spendenbescheinigung ausstellen. Kann ich direkt an die Wohlt\u00e4tigkeitsorganisation spenden?&nbsp; Ja, Sie k\u00f6nnen gerne direkt an die von uns vorgestellten Wohlt\u00e4tigkeitsorganisationen [&hellip;]<\/p>\n","protected":false},"author":1,"featured_media":5611,"parent":0,"menu_order":0,"comment_status":"closed","ping_status":"closed","template":"","meta":{"site-sidebar-layout":"no-sidebar","site-content-layout":"page-builder","ast-site-content-layout":"default","site-content-style":"default","site-sidebar-style":"default","ast-global-header-display":"","ast-banner-title-visibility":"","ast-main-header-display":"","ast-hfb-above-header-display":"","ast-hfb-below-header-display":"","ast-hfb-mobile-header-display":"","site-post-title":"disabled","ast-breadcrumbs-content":"","ast-featured-img":"disabled","footer-sml-layout":"","ast-disable-related-posts":"","theme-transparent-header-meta":"enabled","adv-header-id-meta":"","stick-header-meta":"","header-above-stick-meta":"","header-main-stick-meta":"","header-below-stick-meta":"","astra-migrate-meta-layouts":"default","ast-page-background-enabled":"default","ast-page-background-meta":{"desktop":{"background-color":"","background-image":"","background-repeat":"repeat","background-position":"center center","background-size":"auto","background-attachment":"scroll","background-type":"","background-media":"","overlay-type":"","overlay-color":"","overlay-opacity":"","overlay-gradient":""},"tablet":{"background-color":"","background-image":"","background-repeat":"repeat","background-position":"center center","background-size":"auto","background-attachment":"scroll","background-type":"","background-media":"","overlay-type":"","overlay-color":"","overlay-opacity":"","overlay-gradient":""},"mobile":{"background-color":"","background-image":"","background-repeat":"repeat","background-position":"center center","background-size":"auto","background-attachment":"scroll","background-type":"","background-media":"","overlay-type":"","overlay-color":"","overlay-opacity":"","overlay-gradient":""}},"ast-content-background-meta":{"desktop":{"background-color":"var(--ast-global-color-5)","background-image":"","background-repeat":"repeat","background-position":"center center","background-size":"auto","background-attachment":"scroll","background-type":"","background-media":"","overlay-type":"","overlay-color":"","overlay-opacity":"","overlay-gradient":""},"tablet":{"background-color":"var(--ast-global-color-5)","background-image":"","background-repeat":"repeat","background-position":"center center","background-size":"auto","background-attachment":"scroll","background-type":"","background-media":"","overlay-type":"","overlay-color":"","overlay-opacity":"","overlay-gradient":""},"mobile":{"background-color":"var(--ast-global-color-5)","background-image":"","background-repeat":"repeat","background-position":"center center","background-size":"auto","background-attachment":"scroll","background-type":"","background-media":"","overlay-type":"","overlay-color":"","overlay-opacity":"","overlay-gradient":""}},"footnotes":""},"class_list":["post-5223","page","type-page","status-publish","has-post-thumbnail","hentry"],"yoast_head":"<!-- This site is optimized with the Yoast SEO plugin v27.4 - https:\/\/yoast.com\/product\/yoast-seo-wordpress\/ -->\n<title>\u00dcber Sawabona Africa | Frequently Asked Questions<\/title>\n<meta name=\"description\" content=\"Sawabona Africa beantwortet Ihre FAQ wie z.B.: Was passiert mit Ihren Spenden? Wie k\u00f6nnen Sie sicher sein, dass Ihr Geld direkt an die Wohlt\u00e4tigkeitsorganisation geht?\" \/>\n<meta name=\"robots\" content=\"index, follow, max-snippet:-1, max-image-preview:large, max-video-preview:-1\" \/>\n<link rel=\"canonical\" href=\"https:\/\/sawabona-africa.com\/faq\/\" \/>\n<meta property=\"og:locale\" content=\"de_DE\" \/>\n<meta property=\"og:type\" content=\"article\" \/>\n<meta property=\"og:title\" content=\"\u00dcber Sawabona Africa | Frequently Asked Questions\" \/>\n<meta property=\"og:description\" content=\"Sawabona Africa beantwortet Ihre FAQ wie z.B.: Was passiert mit Ihren Spenden? Wie k\u00f6nnen Sie sicher sein, dass Ihr Geld direkt an die Wohlt\u00e4tigkeitsorganisation geht?\" \/>\n<meta property=\"og:url\" content=\"https:\/\/sawabona-africa.com\/faq\/\" \/>\n<meta property=\"og:site_name\" content=\"Sawabona Africa e.V.\" \/>\n<meta property=\"article:publisher\" content=\"https:\/\/www.facebook.com\/SawabonaAfrica\" \/>\n<meta property=\"article:modified_time\" content=\"2023-04-25T12:50:16+00:00\" \/>\n<meta property=\"og:image\" content=\"https:\/\/sawabona-africa.com\/wp-content\/uploads\/2021\/02\/FR8A1082-2-scaled.jpg\" \/>\n\t<meta property=\"og:image:width\" content=\"2560\" \/>\n\t<meta property=\"og:image:height\" content=\"1440\" \/>\n\t<meta property=\"og:image:type\" content=\"image\/jpeg\" \/>\n<meta name=\"twitter:card\" content=\"summary_large_image\" \/>\n<meta name=\"twitter:label1\" content=\"Gesch\u00e4tzte Lesezeit\" \/>\n\t<meta name=\"twitter:data1\" content=\"2\u00a0Minuten\" \/>\n<!-- \/ Yoast SEO plugin. -->","yoast_head_json":{"title":"\u00dcber Sawabona Africa | Frequently Asked Questions","description":"Sawabona Africa beantwortet Ihre FAQ wie z.B.: Was passiert mit Ihren Spenden? Wie k\u00f6nnen Sie sicher sein, dass Ihr Geld direkt an die Wohlt\u00e4tigkeitsorganisation geht?","robots":{"index":"index","follow":"follow","max-snippet":"max-snippet:-1","max-image-preview":"max-image-preview:large","max-video-preview":"max-video-preview:-1"},"canonical":"https:\/\/sawabona-africa.com\/faq\/","og_locale":"de_DE","og_type":"article","og_title":"\u00dcber Sawabona Africa | Frequently Asked Questions","og_description":"Sawabona Africa beantwortet Ihre FAQ wie z.B.: Was passiert mit Ihren Spenden? Wie k\u00f6nnen Sie sicher sein, dass Ihr Geld direkt an die Wohlt\u00e4tigkeitsorganisation geht?","og_url":"https:\/\/sawabona-africa.com\/faq\/","og_site_name":"Sawabona Africa e.V.","article_publisher":"https:\/\/www.facebook.com\/SawabonaAfrica","article_modified_time":"2023-04-25T12:50:16+00:00","og_image":[{"width":2560,"height":1440,"url":"https:\/\/sawabona-africa.com\/wp-content\/uploads\/2021\/02\/FR8A1082-2-scaled.jpg","type":"image\/jpeg"}],"twitter_card":"summary_large_image","twitter_misc":{"Gesch\u00e4tzte Lesezeit":"2\u00a0Minuten"},"schema":{"@context":"https:\/\/schema.org","@graph":[{"@type":"WebPage","@id":"https:\/\/sawabona-africa.com\/faq\/","url":"https:\/\/sawabona-africa.com\/faq\/","name":"\u00dcber Sawabona Africa | Frequently Asked Questions","isPartOf":{"@id":"https:\/\/sawabona-africa.com\/#website"},"primaryImageOfPage":{"@id":"https:\/\/sawabona-africa.com\/faq\/#primaryimage"},"image":{"@id":"https:\/\/sawabona-africa.com\/faq\/#primaryimage"},"thumbnailUrl":"https:\/\/sawabona-africa.com\/wp-content\/uploads\/2021\/02\/FR8A1082-2-scaled.jpg","datePublished":"2021-03-22T20:51:31+00:00","dateModified":"2023-04-25T12:50:16+00:00","description":"Sawabona Africa beantwortet Ihre FAQ wie z.B.: Was passiert mit Ihren Spenden? Wie k\u00f6nnen Sie sicher sein, dass Ihr Geld direkt an die Wohlt\u00e4tigkeitsorganisation geht?","breadcrumb":{"@id":"https:\/\/sawabona-africa.com\/faq\/#breadcrumb"},"inLanguage":"de","potentialAction":[{"@type":"ReadAction","target":["https:\/\/sawabona-africa.com\/faq\/"]}]},{"@type":"ImageObject","inLanguage":"de","@id":"https:\/\/sawabona-africa.com\/faq\/#primaryimage","url":"https:\/\/sawabona-africa.com\/wp-content\/uploads\/2021\/02\/FR8A1082-2-scaled.jpg","contentUrl":"https:\/\/sawabona-africa.com\/wp-content\/uploads\/2021\/02\/FR8A1082-2-scaled.jpg","width":2560,"height":1440,"caption":"Sawabona Africa_african scene_FAQ"},{"@type":"BreadcrumbList","@id":"https:\/\/sawabona-africa.com\/faq\/#breadcrumb","itemListElement":[{"@type":"ListItem","position":1,"name":"Home","item":"https:\/\/sawabona-africa.com\/de\/"},{"@type":"ListItem","position":2,"name":"FAQ"}]},{"@type":"WebSite","@id":"https:\/\/sawabona-africa.com\/#website","url":"https:\/\/sawabona-africa.com\/","name":"Sawabona Africa","description":"Support Education. Deliver Hope.","publisher":{"@id":"https:\/\/sawabona-africa.com\/#organization"},"potentialAction":[{"@type":"SearchAction","target":{"@type":"EntryPoint","urlTemplate":"https:\/\/sawabona-africa.com\/?s={search_term_string}"},"query-input":{"@type":"PropertyValueSpecification","valueRequired":true,"valueName":"search_term_string"}}],"inLanguage":"de"},{"@type":"Organization","@id":"https:\/\/sawabona-africa.com\/#organization","name":"Sawabona Africa e.V.","url":"https:\/\/sawabona-africa.com\/","logo":{"@type":"ImageObject","inLanguage":"de","@id":"https:\/\/sawabona-africa.com\/#\/schema\/logo\/image\/","url":"https:\/\/sawabona-africa.com\/wp-content\/uploads\/2021\/01\/logo_sawabona-africa_final.png","contentUrl":"https:\/\/sawabona-africa.com\/wp-content\/uploads\/2021\/01\/logo_sawabona-africa_final.png","width":779,"height":324,"caption":"Sawabona Africa e.V."},"image":{"@id":"https:\/\/sawabona-africa.com\/#\/schema\/logo\/image\/"},"sameAs":["https:\/\/www.facebook.com\/SawabonaAfrica","https:\/\/www.instagram.com\/sawabonaafrica\/","https:\/\/www.linkedin.com\/company\/sawabona-africa\/","https:\/\/www.linkedin.com\/company\/sawabona-africa-de\/"]}]}},"_links":{"self":[{"href":"https:\/\/sawabona-africa.com\/de\/wp-json\/wp\/v2\/pages\/5223","targetHints":{"allow":["GET"]}}],"collection":[{"href":"https:\/\/sawabona-africa.com\/de\/wp-json\/wp\/v2\/pages"}],"about":[{"href":"https:\/\/sawabona-africa.com\/de\/wp-json\/wp\/v2\/types\/page"}],"author":[{"embeddable":true,"href":"https:\/\/sawabona-africa.com\/de\/wp-json\/wp\/v2\/users\/1"}],"replies":[{"embeddable":true,"href":"https:\/\/sawabona-africa.com\/de\/wp-json\/wp\/v2\/comments?post=5223"}],"version-history":[{"count":10,"href":"https:\/\/sawabona-africa.com\/de\/wp-json\/wp\/v2\/pages\/5223\/revisions"}],"predecessor-version":[{"id":13965,"href":"https:\/\/sawabona-africa.com\/de\/wp-json\/wp\/v2\/pages\/5223\/revisions\/13965"}],"wp:featuredmedia":[{"embeddable":true,"href":"https:\/\/sawabona-africa.com\/de\/wp-json\/wp\/v2\/media\/5611"}],"wp:attachment":[{"href":"https:\/\/sawabona-africa.com\/de\/wp-json\/wp\/v2\/media?parent=5223"}],"curies":[{"name":"wp","href":"https:\/\/api.w.org\/{rel}","templated":true}]}}