{"id":5247,"date":"2021-03-22T22:10:49","date_gmt":"2021-03-22T21:10:49","guid":{"rendered":"https:\/impressum\/"},"modified":"2023-05-03T20:15:06","modified_gmt":"2023-05-03T18:15:06","slug":"impressum","status":"publish","type":"page","link":"https:\/\/sawabona-africa.com\/de\/impressum\/","title":{"rendered":"Impressum"},"content":{"rendered":"\t\t<div data-elementor-type=\"wp-page\" data-elementor-id=\"5247\" class=\"elementor elementor-5247 elementor-1001\" data-elementor-post-type=\"page\">\n\t\t\t\t\t\t<section class=\"elementor-section elementor-top-section elementor-element elementor-element-5bc132e elementor-section-full_width elementor-section-height-min-height elementor-section-height-default elementor-section-items-middle\" data-id=\"5bc132e\" data-element_type=\"section\" data-e-type=\"section\" data-settings=\"{&quot;background_background&quot;:&quot;classic&quot;}\">\n\t\t\t\t\t\t<div class=\"elementor-container elementor-column-gap-default\">\n\t\t\t\t\t<div class=\"elementor-column elementor-col-100 elementor-top-column elementor-element elementor-element-6c43fd7\" data-id=\"6c43fd7\" data-element_type=\"column\" data-e-type=\"column\">\n\t\t\t<div class=\"elementor-widget-wrap\">\n\t\t\t\t\t\t\t<\/div>\n\t\t<\/div>\n\t\t\t\t\t<\/div>\n\t\t<\/section>\n\t\t\t\t<section class=\"elementor-section elementor-top-section elementor-element elementor-element-cea6be9 elementor-section-boxed elementor-section-height-default elementor-section-height-default\" data-id=\"cea6be9\" data-element_type=\"section\" data-e-type=\"section\" data-settings=\"{&quot;background_background&quot;:&quot;classic&quot;}\">\n\t\t\t\t\t\t<div class=\"elementor-container elementor-column-gap-default\">\n\t\t\t\t\t<div class=\"elementor-column elementor-col-100 elementor-top-column elementor-element elementor-element-c7b6835\" data-id=\"c7b6835\" data-element_type=\"column\" data-e-type=\"column\">\n\t\t\t<div class=\"elementor-widget-wrap elementor-element-populated\">\n\t\t\t\t\t\t<div class=\"elementor-element elementor-element-19fa485 elementor-widget elementor-widget-heading\" data-id=\"19fa485\" data-element_type=\"widget\" data-e-type=\"widget\" data-widget_type=\"heading.default\">\n\t\t\t\t<div class=\"elementor-widget-container\">\n\t\t\t\t\t<h2 class=\"elementor-heading-title elementor-size-default\">Impressum<\/h2>\t\t\t\t<\/div>\n\t\t\t\t<\/div>\n\t\t\t\t<div class=\"elementor-element elementor-element-bb9fd96 elementor-widget elementor-widget-text-editor\" data-id=\"bb9fd96\" data-element_type=\"widget\" data-e-type=\"widget\" data-widget_type=\"text-editor.default\">\n\t\t\t\t<div class=\"elementor-widget-container\">\n\t\t\t\t\t\t\t\t\t<p>Sawabona Africa e.V. ist eine rechtsf\u00e4hige Verein b\u00fcrgerlichen Rechts mit Sitz in M\u00fcnchen. Die Verein f\u00fchrt den Namen &#8222;Sawabona Africa&#8220;. Die Verein ist als gemeinn\u00fctzig anerkannt.<\/p>\n<p><strong>Herausgeber von www.sawabona-africa.com<\/strong><\/p>\n<p><span style=\"font-size: 15px; color: var( --e-global-color-text ); background-color: var( --e-global-color-52606e1 );\">Zilla Stekhoven\u00a0<\/span><\/p>\n<p>Sawabona Africa\u00a0\u00a0<\/p>\n<p>Karolingerallee 7,\u00a0<span style=\"font-size: 15px; color: var( --e-global-color-text ); background-color: var( --e-global-color-52606e1 );\">81545, M\u00fcnchen<\/span><\/p>\n<p>E-Mail: info@<\/p>\n<p><strong><span style=\"font-size: 15px; color: var( --e-global-color-text ); background-color: var( --e-global-color-52606e1 );\">Gesch\u00e4ftsf\u00fchrender Vorstand:<\/span><\/strong><\/p>\n<p>Zilla Schuurmans-Stekhoven<\/p>\n<p>Heidi Schneider<\/p>\n<p>Claus Kaltner<\/p>\n<p><span style=\"font-size: 15px; color: var( --e-global-color-text ); background-color: var( --e-global-color-52606e1 );\">\u00a0<\/span><strong style=\"font-size: 15px; color: var( --e-global-color-text ); background-color: var( --e-global-color-52606e1 );\"><span style=\"font-size: 15px; color: var( --e-global-color-text ); background-color: var( --e-global-color-52606e1 );\">Zentrale Aufsichtsbeh\u00f6rde:<\/span><\/strong><\/p>\n<p>Vereinsnr: VR 208855<\/p>\n<p>Registergericht: Amtsgericht M\u00fcnchen<\/p>\n<p>Steuernummer: 143\/221\/11348<\/p>\n<p><strong style=\"font-size: 15px; color: var( --e-global-color-text ); background-color: var( --e-global-color-52606e1 );\">Inhaltlich Verantwortliche gem\u00e4\u00df \u00a7 55 Abs. 2 RstV:<\/strong><\/p>\n<p>Zilla Stekhoven und Claus Kaltner, Vorstand<\/p>\n<p><b>Anschrift:<\/b><\/p>\n<p>Sawabona Africa e.V.\u00a0\u00a0<span style=\"font-size: 15px; color: var( --e-global-color-text ); background-color: var( --e-global-color-52606e1 );\">c\/o Zilla Stekhoven,\u00a0 Karolingerallee 7, 81545, M\u00fcnchen<\/span><\/p>\n<p><strong>Sawabona Africa Deutschland ist zudem hier vertreten:<\/strong><\/p>\n<p><span style=\"color: #0000ff;\"><a style=\"color: #0000ff;\" href=\"https:\/\/www.facebook.com\/SawabonaAfrica\" target=\"_blank\" rel=\"noopener noreferrer nofollow\">Facebook<\/a><\/span><\/p>\n<p><span style=\"color: #0000ff;\"><a style=\"color: #0000ff;\" href=\"https:\/\/www.linkedin.com\/company\/sawabona-africa\/\" target=\"_blank\" rel=\"noopener noreferrer nofollow\">LinkedIn<\/a><\/span><\/p>\n<p><span style=\"color: #0000ff;\"><a style=\"color: #0000ff;\" href=\"https:\/\/www.instagram.com\/sawabonaafrica\/\" target=\"_blank\" rel=\"noopener noreferrer nofollow\">Instagram<\/a><\/span><\/p>\n<p><strong style=\"font-size: 15px; color: var( --e-global-color-text ); background-color: var( --e-global-color-52606e1 );\">Fotos<\/strong><\/p>\n<p>Alle Fotos werden mit dem Einverst\u00e4ndnis von den Organisationen und den Eltern der Kinder ver\u00f6ffentlicht.<\/p>\n<p><strong>Haftung f\u00fcr Links:<\/strong><\/p>\n<p>Sawabona Africa e.V. erkl\u00e4rt hiermit ausdr\u00fccklich, dass zum Zeitpunkt der Linksetzung keine illegalen Inhalte auf den zu verlinkenden Seiten erkennbar waren. Auf die aktuelle und zuk\u00fcnftige Gestaltung, die Inhalte oder die Urheberschaft der verlinkten\/verkn\u00fcpften Seiten hat der Sawabona Africa e.V. keinerlei Einfluss.<\/p>\n<p>Deshalb distanziert er sich hiermit ausdr\u00fccklich von allen Inhalten aller verlinkten\/ verkn\u00fcpften Seiten, die nach der Linksetzung ver\u00e4ndert wurden. Diese Feststellung gilt f\u00fcr alle innerhalb des eigenen Internetangebotes gesetzten Links und Verweise.<\/p>\n<p>F\u00fcr illegale, fehlerhafte oder unvollst\u00e4ndige Inhalte und insbesondere f\u00fcr Sch\u00e4den, die aus der Nutzung oder Nichtnutzung solcherart dargebotener Informationen entstehen, haftet allein der Anbieter der Seite, auf welche verwiesen wurde, nicht derjenige, der \u00fcber Links auf die jeweilige Ver\u00f6ffentlichung lediglich verweist.<\/p>\n\t\t\t\t\t\t\t\t<\/div>\n\t\t\t\t<\/div>\n\t\t\t\t\t<\/div>\n\t\t<\/div>\n\t\t\t\t\t<\/div>\n\t\t<\/section>\n\t\t\t\t<\/div>\n\t\t","protected":false},"excerpt":{"rendered":"<p>Impressum Sawabona Africa e.V. ist eine rechtsf\u00e4hige Verein b\u00fcrgerlichen Rechts mit Sitz in M\u00fcnchen. Die Verein f\u00fchrt den Namen &#8222;Sawabona Africa&#8220;. Die Verein ist als gemeinn\u00fctzig anerkannt. Herausgeber von www.sawabona-africa.com Zilla Stekhoven\u00a0 Sawabona Africa\u00a0\u00a0 Karolingerallee 7,\u00a081545, M\u00fcnchen E-Mail: info@ Gesch\u00e4ftsf\u00fchrender Vorstand: Zilla Schuurmans-Stekhoven Heidi Schneider Claus Kaltner \u00a0Zentrale Aufsichtsbeh\u00f6rde: Vereinsnr: VR 208855 Registergericht: Amtsgericht M\u00fcnchen [&hellip;]<\/p>\n","protected":false},"author":1,"featured_media":0,"parent":0,"menu_order":0,"comment_status":"closed","ping_status":"closed","template":"","meta":{"site-sidebar-layout":"no-sidebar","site-content-layout":"page-builder","ast-site-content-layout":"default","site-content-style":"default","site-sidebar-style":"default","ast-global-header-display":"","ast-banner-title-visibility":"","ast-main-header-display":"","ast-hfb-above-header-display":"","ast-hfb-below-header-display":"","ast-hfb-mobile-header-display":"","site-post-title":"disabled","ast-breadcrumbs-content":"","ast-featured-img":"disabled","footer-sml-layout":"","ast-disable-related-posts":"","theme-transparent-header-meta":"default","adv-header-id-meta":"","stick-header-meta":"","header-above-stick-meta":"","header-main-stick-meta":"","header-below-stick-meta":"","astra-migrate-meta-layouts":"default","ast-page-background-enabled":"default","ast-page-background-meta":{"desktop":{"background-color":"","background-image":"","background-repeat":"repeat","background-position":"center center","background-size":"auto","background-attachment":"scroll","background-type":"","background-media":"","overlay-type":"","overlay-color":"","overlay-opacity":"","overlay-gradient":""},"tablet":{"background-color":"","background-image":"","background-repeat":"repeat","background-position":"center center","background-size":"auto","background-attachment":"scroll","background-type":"","background-media":"","overlay-type":"","overlay-color":"","overlay-opacity":"","overlay-gradient":""},"mobile":{"background-color":"","background-image":"","background-repeat":"repeat","background-position":"center center","background-size":"auto","background-attachment":"scroll","background-type":"","background-media":"","overlay-type":"","overlay-color":"","overlay-opacity":"","overlay-gradient":""}},"ast-content-background-meta":{"desktop":{"background-color":"var(--ast-global-color-5)","background-image":"","background-repeat":"repeat","background-position":"center center","background-size":"auto","background-attachment":"scroll","background-type":"","background-media":"","overlay-type":"","overlay-color":"","overlay-opacity":"","overlay-gradient":""},"tablet":{"background-color":"var(--ast-global-color-5)","background-image":"","background-repeat":"repeat","background-position":"center center","background-size":"auto","background-attachment":"scroll","background-type":"","background-media":"","overlay-type":"","overlay-color":"","overlay-opacity":"","overlay-gradient":""},"mobile":{"background-color":"var(--ast-global-color-5)","background-image":"","background-repeat":"repeat","background-position":"center center","background-size":"auto","background-attachment":"scroll","background-type":"","background-media":"","overlay-type":"","overlay-color":"","overlay-opacity":"","overlay-gradient":""}},"footnotes":""},"class_list":["post-5247","page","type-page","status-publish","hentry"],"yoast_head":"<!-- This site is optimized with the Yoast SEO plugin v27.5 - https:\/\/yoast.com\/product\/yoast-seo-wordpress\/ -->\n<title>Impressum - Support Education. Deliver Hope.<\/title>\n<meta name=\"robots\" content=\"index, follow, max-snippet:-1, max-image-preview:large, max-video-preview:-1\" \/>\n<link rel=\"canonical\" href=\"https:\/\/sawabona-africa.com\/de\/impressum\/\" \/>\n<meta property=\"og:locale\" content=\"de_DE\" \/>\n<meta property=\"og:type\" content=\"article\" \/>\n<meta property=\"og:title\" content=\"Impressum - Support Education. Deliver Hope.\" \/>\n<meta property=\"og:description\" content=\"Impressum Sawabona Africa e.V. ist eine rechtsf\u00e4hige Verein b\u00fcrgerlichen Rechts mit Sitz in M\u00fcnchen. Die Verein f\u00fchrt den Namen &#8222;Sawabona Africa&#8220;. Die Verein ist als gemeinn\u00fctzig anerkannt. Herausgeber von www.sawabona-africa.com Zilla Stekhoven\u00a0 Sawabona Africa\u00a0\u00a0 Karolingerallee 7,\u00a081545, M\u00fcnchen E-Mail: info@ Gesch\u00e4ftsf\u00fchrender Vorstand: Zilla Schuurmans-Stekhoven Heidi Schneider Claus Kaltner \u00a0Zentrale Aufsichtsbeh\u00f6rde: Vereinsnr: VR 208855 Registergericht: Amtsgericht M\u00fcnchen [&hellip;]\" \/>\n<meta property=\"og:url\" content=\"https:\/\/sawabona-africa.com\/de\/impressum\/\" \/>\n<meta property=\"og:site_name\" content=\"Sawabona Africa e.V.\" \/>\n<meta property=\"article:publisher\" content=\"https:\/\/www.facebook.com\/SawabonaAfrica\" \/>\n<meta property=\"article:modified_time\" content=\"2023-05-03T18:15:06+00:00\" \/>\n<meta property=\"og:image\" content=\"https:\/\/sawabona-africa.com\/wp-content\/uploads\/2023\/04\/option2-1-1.jpg\" \/>\n\t<meta property=\"og:image:width\" content=\"1600\" \/>\n\t<meta property=\"og:image:height\" content=\"1067\" \/>\n\t<meta property=\"og:image:type\" content=\"image\/jpeg\" \/>\n<meta name=\"twitter:card\" content=\"summary_large_image\" \/>\n<meta name=\"twitter:label1\" content=\"Gesch\u00e4tzte Lesezeit\" \/>\n\t<meta name=\"twitter:data1\" content=\"1\u00a0Minute\" \/>\n<!-- \/ Yoast SEO plugin. -->","yoast_head_json":{"title":"Impressum - Support Education. Deliver Hope.","robots":{"index":"index","follow":"follow","max-snippet":"max-snippet:-1","max-image-preview":"max-image-preview:large","max-video-preview":"max-video-preview:-1"},"canonical":"https:\/\/sawabona-africa.com\/de\/impressum\/","og_locale":"de_DE","og_type":"article","og_title":"Impressum - Support Education. Deliver Hope.","og_description":"Impressum Sawabona Africa e.V. ist eine rechtsf\u00e4hige Verein b\u00fcrgerlichen Rechts mit Sitz in M\u00fcnchen. Die Verein f\u00fchrt den Namen &#8222;Sawabona Africa&#8220;. Die Verein ist als gemeinn\u00fctzig anerkannt. Herausgeber von www.sawabona-africa.com Zilla Stekhoven\u00a0 Sawabona Africa\u00a0\u00a0 Karolingerallee 7,\u00a081545, M\u00fcnchen E-Mail: info@ Gesch\u00e4ftsf\u00fchrender Vorstand: Zilla Schuurmans-Stekhoven Heidi Schneider Claus Kaltner \u00a0Zentrale Aufsichtsbeh\u00f6rde: Vereinsnr: VR 208855 Registergericht: Amtsgericht M\u00fcnchen [&hellip;]","og_url":"https:\/\/sawabona-africa.com\/de\/impressum\/","og_site_name":"Sawabona Africa e.V.","article_publisher":"https:\/\/www.facebook.com\/SawabonaAfrica","article_modified_time":"2023-05-03T18:15:06+00:00","og_image":[{"width":1600,"height":1067,"url":"https:\/\/sawabona-africa.com\/wp-content\/uploads\/2023\/04\/option2-1-1.jpg","type":"image\/jpeg"}],"twitter_card":"summary_large_image","twitter_misc":{"Gesch\u00e4tzte Lesezeit":"1\u00a0Minute"},"schema":{"@context":"https:\/\/schema.org","@graph":[{"@type":"WebPage","@id":"https:\/\/sawabona-africa.com\/de\/impressum\/","url":"https:\/\/sawabona-africa.com\/de\/impressum\/","name":"Impressum - Support Education. Deliver Hope.","isPartOf":{"@id":"https:\/\/sawabona-africa.com\/#website"},"datePublished":"2021-03-22T21:10:49+00:00","dateModified":"2023-05-03T18:15:06+00:00","breadcrumb":{"@id":"https:\/\/sawabona-africa.com\/de\/impressum\/#breadcrumb"},"inLanguage":"de","potentialAction":[{"@type":"ReadAction","target":["https:\/\/sawabona-africa.com\/de\/impressum\/"]}]},{"@type":"BreadcrumbList","@id":"https:\/\/sawabona-africa.com\/de\/impressum\/#breadcrumb","itemListElement":[{"@type":"ListItem","position":1,"name":"Home","item":"https:\/\/sawabona-africa.com\/de\/"},{"@type":"ListItem","position":2,"name":"Impressum"}]},{"@type":"WebSite","@id":"https:\/\/sawabona-africa.com\/#website","url":"https:\/\/sawabona-africa.com\/","name":"Sawabona Africa","description":"Support Education. Deliver Hope.","publisher":{"@id":"https:\/\/sawabona-africa.com\/#organization"},"potentialAction":[{"@type":"SearchAction","target":{"@type":"EntryPoint","urlTemplate":"https:\/\/sawabona-africa.com\/?s={search_term_string}"},"query-input":{"@type":"PropertyValueSpecification","valueRequired":true,"valueName":"search_term_string"}}],"inLanguage":"de"},{"@type":"Organization","@id":"https:\/\/sawabona-africa.com\/#organization","name":"Sawabona Africa e.V.","url":"https:\/\/sawabona-africa.com\/","logo":{"@type":"ImageObject","inLanguage":"de","@id":"https:\/\/sawabona-africa.com\/#\/schema\/logo\/image\/","url":"https:\/\/sawabona-africa.com\/wp-content\/uploads\/2021\/01\/logo_sawabona-africa_final.png","contentUrl":"https:\/\/sawabona-africa.com\/wp-content\/uploads\/2021\/01\/logo_sawabona-africa_final.png","width":779,"height":324,"caption":"Sawabona Africa e.V."},"image":{"@id":"https:\/\/sawabona-africa.com\/#\/schema\/logo\/image\/"},"sameAs":["https:\/\/www.facebook.com\/SawabonaAfrica","https:\/\/www.instagram.com\/sawabonaafrica\/","https:\/\/www.linkedin.com\/company\/sawabona-africa\/","https:\/\/www.linkedin.com\/company\/sawabona-africa-de\/"]}]}},"_links":{"self":[{"href":"https:\/\/sawabona-africa.com\/de\/wp-json\/wp\/v2\/pages\/5247","targetHints":{"allow":["GET"]}}],"collection":[{"href":"https:\/\/sawabona-africa.com\/de\/wp-json\/wp\/v2\/pages"}],"about":[{"href":"https:\/\/sawabona-africa.com\/de\/wp-json\/wp\/v2\/types\/page"}],"author":[{"embeddable":true,"href":"https:\/\/sawabona-africa.com\/de\/wp-json\/wp\/v2\/users\/1"}],"replies":[{"embeddable":true,"href":"https:\/\/sawabona-africa.com\/de\/wp-json\/wp\/v2\/comments?post=5247"}],"version-history":[{"count":2,"href":"https:\/\/sawabona-africa.com\/de\/wp-json\/wp\/v2\/pages\/5247\/revisions"}],"predecessor-version":[{"id":14513,"href":"https:\/\/sawabona-africa.com\/de\/wp-json\/wp\/v2\/pages\/5247\/revisions\/14513"}],"wp:attachment":[{"href":"https:\/\/sawabona-africa.com\/de\/wp-json\/wp\/v2\/media?parent=5247"}],"curies":[{"name":"wp","href":"https:\/\/api.w.org\/{rel}","templated":true}]}}